{"id":4031,"date":"2021-10-13T23:40:56","date_gmt":"2021-10-13T23:40:56","guid":{"rendered":"https:\/\/plantiointernational.com\/nutrition-2\/"},"modified":"2022-01-15T16:33:37","modified_gmt":"2022-01-15T16:33:37","slug":"nutrition-2","status":"publish","type":"page","link":"https:\/\/plantiointernational.com\/en\/nutrition-2\/","title":{"rendered":"Nutrition"},"content":{"rendered":"\n<div class=\"wp-block-columns alignwide are-vertically-aligned-center is-layout-flex wp-container-core-columns-is-layout-2 wp-block-columns-is-layout-flex\">\n<div class=\"wp-block-column is-vertically-aligned-center is-layout-flow wp-block-column-is-layout-flow\" style=\"flex-basis:100%\">\n<div class=\"wp-block-columns are-vertically-aligned-center is-layout-flex wp-container-core-columns-is-layout-1 wp-block-columns-is-layout-flex\">\n<div class=\"wp-block-column is-vertically-aligned-center is-layout-flow wp-block-column-is-layout-flow\"><\/div>\n<\/div>\n<\/div>\n<\/div>\n\n\n\n<h2 class=\"has-text-align-center wp-block-heading\"><span class=\"has-inline-color has-cyan-bluish-gray-color\">All valued by<\/span><strong><span class=\"has-inline-color has-cyan-bluish-gray-color\"> Diana Benejama. <\/span><\/strong><span class=\"has-inline-color has-cyan-bluish-gray-color\">Dietitian &#8211; Nutritionist &#8211; CV00943<\/span><\/h2>\n\n\n\n<div class=\"wp-block-image\"><figure class=\"aligncenter size-full is-resized\"><img decoding=\"async\" src=\"https:\/\/plantiointernational.com\/wp-content\/uploads\/2021\/09\/logo-diana-benejama.jpg\" alt=\"\" class=\"wp-image-3552\" width=\"224\" height=\"159\" loading=\"lazy\" \/><\/figure><\/div>\n\n\n\n<div class=\"wp-block-columns is-layout-flex wp-container-core-columns-is-layout-3 wp-block-columns-is-layout-flex\">\n<div class=\"wp-block-column is-vertically-aligned-top is-layout-flow wp-block-column-is-layout-flow\">\n<div class=\"wp-block-image is-style-default\"><figure class=\"aligncenter size-full\"><a href=\"https:\/\/plantiointernational.com\/wp-content\/uploads\/2021\/11\/MINUTA-COLEGIO-DICIEMBRE-2021-EL-PLANTIO-WEB-BASAL-ING.pdf\" target=\"_blank\" rel=\"noopener\"><img decoding=\"async\" width=\"300\" height=\"197\" src=\"https:\/\/plantiointernational.com\/wp-content\/uploads\/2021\/09\/ICONOS-minuta-azul-PLANTIO.jpg\" alt=\"\" class=\"wp-image-3463\" loading=\"lazy\" \/><\/a><\/figure><\/div>\n\n\n\n<h2 class=\"has-text-align-center wp-block-heading\"><a href=\"https:\/\/plantiointernational.com\/wp-content\/uploads\/2021\/11\/MINUTA-COLEGIO-DICIEMBRE-2021-EL-PLANTIO-WEB-BASAL-ING.pdf\">Basal minute<\/a><\/h2>\n<\/div>\n\n\n\n<div class=\"wp-block-column is-vertically-aligned-top is-layout-flow wp-block-column-is-layout-flow\">\n<div class=\"wp-block-image is-style-default\"><figure class=\"aligncenter size-full\"><a href=\"https:\/\/plantiointernational.com\/wp-content\/uploads\/2021\/11\/MINUTA-COLEGIO-DICIEMBRE-2021-EL-PLANTIO-WEB-MUSULMAN-ING.pdf\" target=\"_blank\" rel=\"noopener\"><img decoding=\"async\" width=\"300\" height=\"197\" src=\"https:\/\/plantiointernational.com\/wp-content\/uploads\/2020\/10\/ICONOS-MINUTA-PLANTIO.jpg\" alt=\"\" class=\"wp-image-1947\" loading=\"lazy\" \/><\/a><\/figure><\/div>\n\n\n\n<h2 class=\"has-text-align-center wp-block-heading\"><a href=\"https:\/\/plantiointernational.com\/wp-content\/uploads\/2021\/11\/MINUTA-COLEGIO-DICIEMBRE-2021-EL-PLANTIO-WEB-MUSULMAN-ING.pdf\" target=\"_blank\" rel=\"noreferrer noopener\">Muslim adaptation minute<\/a><\/h2>\n<\/div>\n\n\n\n<div class=\"wp-block-column is-layout-flow wp-block-column-is-layout-flow\">\n<div class=\"wp-block-image is-style-default\"><figure class=\"aligncenter size-full\"><img decoding=\"async\" width=\"300\" height=\"197\" src=\"https:\/\/plantiointernational.com\/wp-content\/uploads\/2021\/09\/ICONOS-minuta-azul-PLANTIO.jpg\" alt=\"\" class=\"wp-image-3463\" loading=\"lazy\" \/><\/figure><\/div>\n\n\n\n<h2 class=\"has-text-align-center wp-block-heading\"><span class=\"has-inline-color has-black-color\"><a href=\"https:\/\/plantiointernational.com\/wp-content\/uploads\/2021\/11\/MINUTA-COLEGIO-EL-PLANTIO-NOVIEMBRE-2021-ING.pdf\" target=\"_blank\" rel=\"noreferrer noopener\">Lactose-free minute<\/a><\/span><\/h2>\n<\/div>\n\n\n\n<div class=\"wp-block-column is-vertically-aligned-top is-layout-flow wp-block-column-is-layout-flow\">\n<div class=\"wp-block-image is-style-default\"><figure class=\"aligncenter size-full\"><a href=\"https:\/\/plantiointernational.com\/wp-content\/uploads\/2021\/11\/MINUTA-COLEGIO-NOVIEMBRE-2021-EL-PLANTIO-WEB-SIN-CARNE-ESP-1.pdf\" target=\"_blank\" rel=\"noopener\"><img decoding=\"async\" width=\"300\" height=\"197\" src=\"https:\/\/plantiointernational.com\/wp-content\/uploads\/2020\/10\/ICONOS-MINUTA-PLANTIO.jpg\" alt=\"\" class=\"wp-image-1947\" loading=\"lazy\" \/><\/a><\/figure><\/div>\n\n\n\n<h2 class=\"has-text-align-center wp-block-heading\"><span class=\"has-inline-color has-black-color\"><a href=\"https:\/\/plantiointernational.com\/wp-content\/uploads\/2021\/10\/MINUTA-COLEGIO-EL-PLANTIO-OCTUBRE-2021-SIN-CARNE-ING.pdf\" target=\"_blank\" rel=\"noreferrer noopener\">Minute without meat<\/a><\/span><\/h2>\n<\/div>\n<\/div>\n\n\n\n<div class=\"wp-block-columns is-layout-flex wp-container-core-columns-is-layout-4 wp-block-columns-is-layout-flex\">\n<div class=\"wp-block-column is-layout-flow wp-block-column-is-layout-flow\">\n<div class=\"wp-block-image is-style-default\"><figure class=\"aligncenter size-full\"><a href=\"https:\/\/plantiointernational.com\/wp-content\/uploads\/2021\/11\/BUFFET-MES-DICIEMBRE-2020-EL-PLANTIO-ENG.pdf\" target=\"_blank\" rel=\"noopener\"><img decoding=\"async\" width=\"300\" height=\"197\" src=\"https:\/\/plantiointernational.com\/wp-content\/uploads\/2021\/04\/ICONOS-comedor-PLANTIO-buffet-eng.jpg\" alt=\"\" class=\"wp-image-3073\" loading=\"lazy\" \/><\/a><\/figure><\/div>\n\n\n\n<h2 class=\"has-text-align-center wp-block-heading\"><a href=\"https:\/\/plantiointernational.com\/wp-content\/uploads\/2021\/11\/BUFFET-MES-DICIEMBRE-2020-EL-PLANTIO-ENG.pdf\" target=\"_blank\" rel=\"noreferrer noopener\">Bufet<\/a><\/h2>\n\n\n\n<p><\/p>\n<\/div>\n\n\n\n<div class=\"wp-block-column is-layout-flow wp-block-column-is-layout-flow\">\n<div class=\"wp-block-image is-style-default\"><figure class=\"aligncenter size-full\"><a href=\"https:\/\/plantiointernational.com\/wp-content\/uploads\/2021\/11\/BUFFET-MUSULAMAN-MES-DICIEMBRE-2020-EL-PLANTIO-ENG.pdf\"><img decoding=\"async\" width=\"300\" height=\"197\" src=\"https:\/\/plantiointernational.com\/wp-content\/uploads\/2021\/11\/ICONOS-comedor-PLANTIO-buffet-rojo.jpg\" alt=\"\" class=\"wp-image-4130\" loading=\"lazy\" \/><\/a><\/figure><\/div>\n\n\n\n<h2 class=\"has-text-align-center wp-block-heading\"><a href=\"https:\/\/plantiointernational.com\/wp-content\/uploads\/2021\/11\/BUFFET-MUSULAMAN-MES-DICIEMBRE-2020-EL-PLANTIO-ENG.pdf\">Muslim adaptation buffet<\/a><\/h2>\n<\/div>\n\n\n\n<div class=\"wp-block-column is-layout-flow wp-block-column-is-layout-flow\">\n<div class=\"wp-block-image is-style-default\"><figure class=\"aligncenter size-full\"><a href=\"https:\/\/plantiointernational.com\/wp-content\/uploads\/2021\/11\/BUFFET-SIN-CARNE-MES-NOVIEMBRE-2020-EL-PLANTIO-ESP.pdf\" target=\"_blank\" rel=\"noopener\"><img decoding=\"async\" width=\"300\" height=\"197\" src=\"https:\/\/plantiointernational.com\/wp-content\/uploads\/2021\/04\/ICONOS-comedor-PLANTIO-buffet-eng.jpg\" alt=\"\" class=\"wp-image-3073\" loading=\"lazy\" \/><\/a><\/figure><\/div>\n\n\n\n<h2 class=\"has-text-align-center wp-block-heading\"><a href=\"https:\/\/plantiointernational.com\/wp-content\/uploads\/2021\/10\/BUFFET-MES-OCTUBRE-2021-EL-PLANTIO-ING-SIN-CARNE.pdf\" target=\"_blank\" rel=\"noreferrer noopener\">Meatless buffet<\/a><\/h2>\n<\/div>\n<\/div>\n\n\n\n<div class=\"wp-block-columns is-layout-flex wp-container-core-columns-is-layout-5 wp-block-columns-is-layout-flex\">\n<div class=\"wp-block-column is-layout-flow wp-block-column-is-layout-flow\">\n<div class=\"wp-block-image is-style-default\"><figure class=\"aligncenter size-full\"><a href=\"https:\/\/plantiointernational.com\/wp-content\/uploads\/2021\/11\/Valoracio\u0301n-nutricional-diciembre-El-Planti\u0301o.pdf\"><img decoding=\"async\" width=\"300\" height=\"197\" src=\"https:\/\/plantiointernational.com\/wp-content\/uploads\/2021\/11\/ICONOS-comedor-PLANTIO-nutricion-azul.jpg\" alt=\"\" class=\"wp-image-4132\" loading=\"lazy\" \/><\/a><\/figure><\/div>\n\n\n\n<h2 class=\"has-text-align-center wp-block-heading\"><span class=\"has-inline-color has-black-color\"><a href=\"https:\/\/plantiointernational.com\/wp-content\/uploads\/2021\/11\/Valoracio\u0301n-nutricional-diciembre-El-Planti\u0301o.pdf\" target=\"_blank\" rel=\"noreferrer noopener\">Nutritionist values<\/a><\/span><\/h2>\n<\/div>\n\n\n\n<div class=\"wp-block-column is-layout-flow wp-block-column-is-layout-flow\">\n<div class=\"wp-block-image is-style-default\"><figure class=\"aligncenter size-full\"><img decoding=\"async\" width=\"300\" height=\"197\" src=\"https:\/\/plantiointernational.com\/wp-content\/uploads\/2020\/10\/ICONOS-MINUTA-PLANTIO.jpg\" alt=\"\" class=\"wp-image-1947\" loading=\"lazy\" \/><\/figure><\/div>\n\n\n\n<h2 class=\"has-text-align-center wp-block-heading\"><a href=\"https:\/\/plantiointernational.com\/wp-content\/uploads\/2021\/10\/INFORMAE-ADPATACIO%CC%81N-SIN-CARNE-OCT-2021.pdf\" target=\"_blank\" rel=\"noreferrer noopener\">Meatless adaptation report<\/a><\/h2>\n<\/div>\n\n\n\n<div class=\"wp-block-column is-layout-flow wp-block-column-is-layout-flow\">\n<div class=\"wp-block-image is-style-default\"><figure class=\"aligncenter size-full\"><a href=\"https:\/\/plantiointernational.com\/wp-content\/uploads\/2021\/09\/Cartel-frutas-de-temporada-Ministerio.pdf\" target=\"_blank\" rel=\"noopener\"><img decoding=\"async\" width=\"300\" height=\"197\" src=\"https:\/\/plantiointernational.com\/wp-content\/uploads\/2021\/09\/ICONOS-fruta-PLANTIO.jpg\" alt=\"\" class=\"wp-image-3469\" loading=\"lazy\" \/><\/a><\/figure><\/div>\n\n\n\n<h2 class=\"has-text-align-center wp-block-heading\"><span class=\"has-inline-color has-black-color\"><a href=\"https:\/\/plantiointernational.com\/wp-content\/uploads\/2021\/09\/Cartel-frutas-de-temporada-Ministerio.pdf\" target=\"_blank\" rel=\"noreferrer noopener\">Season&#8217;s fruit<\/a><\/span><\/h2>\n<\/div>\n\n\n\n<div class=\"wp-block-column is-layout-flow wp-block-column-is-layout-flow\">\n<div class=\"wp-block-image is-style-default\"><figure class=\"aligncenter size-full\"><a href=\"https:\/\/plantiointernational.com\/wp-content\/uploads\/2021\/11\/PLAN-CONTROL-ALE\u0301RGENOS-NOVIEMBRE-21.pdf\" target=\"_blank\" rel=\"noopener\"><img decoding=\"async\" width=\"300\" height=\"197\" src=\"https:\/\/plantiointernational.com\/wp-content\/uploads\/2021\/11\/ICONOS-ALERGNOS-PLANTIO-ESP.jpg\" alt=\"\" class=\"wp-image-4108\" loading=\"lazy\" \/><\/a><\/figure><\/div>\n\n\n\n<h2 class=\"has-text-align-center wp-block-heading\"><span class=\"has-inline-color has-black-color\"><a href=\"https:\/\/plantiointernational.com\/wp-content\/uploads\/2021\/11\/PLAN-CONTROL-ALE\u0301RGENOS-NOVIEMBRE-21.pdf\" target=\"_blank\" rel=\"noreferrer noopener\">Allergen control plan<\/a><\/span><\/h2>\n<\/div>\n<\/div>\n\n\n\n<div class=\"wp-block-columns is-layout-flex wp-container-core-columns-is-layout-6 wp-block-columns-is-layout-flex\">\n<div class=\"wp-block-column is-layout-flow wp-block-column-is-layout-flow\">\n<div class=\"wp-block-image is-style-default\"><figure class=\"aligncenter size-full\"><a href=\"https:\/\/plantiointernational.com\/wp-content\/uploads\/2021\/11\/ADAPTACIO\u0301N-FIORENTINA.pdf\"><img decoding=\"async\" width=\"300\" height=\"197\" src=\"https:\/\/plantiointernational.com\/wp-content\/uploads\/2021\/09\/ICONOS-minuta-azul-PLANTIO.jpg\" alt=\"\" class=\"wp-image-3463\" loading=\"lazy\" \/><\/a><\/figure><\/div>\n\n\n\n<h2 class=\"has-text-align-center wp-block-heading\"><span class=\"has-inline-color has-black-color\"><a href=\"https:\/\/plantiointernational.com\/wp-content\/uploads\/2021\/11\/ADAPTACIO\u0301N-FIORENTINA.pdf\" target=\"_blank\" rel=\"noreferrer noopener\">Fiorentina adaptation<\/a><\/span><\/h2>\n\n\n\n<p><\/p>\n<\/div>\n\n\n\n<div class=\"wp-block-column is-layout-flow wp-block-column-is-layout-flow\">\n<div class=\"wp-block-image is-style-default\"><figure class=\"aligncenter size-full\"><a href=\"https:\/\/plantiointernational.com\/wp-content\/uploads\/2021\/11\/INFORMAE-CAMBIOS-MENU\u0301S-BASALES-DIC-2021.pdf\"><img decoding=\"async\" width=\"300\" height=\"197\" src=\"https:\/\/plantiointernational.com\/wp-content\/uploads\/2020\/10\/ICONOS-MINUTA-PLANTIO.jpg\" alt=\"\" class=\"wp-image-1947\" loading=\"lazy\" \/><\/a><\/figure><\/div>\n\n\n\n<h2 class=\"has-text-align-center wp-block-heading\"><a href=\"https:\/\/plantiointernational.com\/wp-content\/uploads\/2021\/11\/INFORMAE-CAMBIOS-MENU\u0301S-BASALES-DIC-2021.pdf\" target=\"_blank\" rel=\"noreferrer noopener\">Basal menu changes report<\/a><\/h2>\n<\/div>\n\n\n\n<div class=\"wp-block-column is-layout-flow wp-block-column-is-layout-flow\">\n<div class=\"wp-block-image is-style-default\"><figure class=\"aligncenter size-full\"><a href=\"https:\/\/plantiointernational.com\/wp-content\/uploads\/2021\/11\/INFORMAE-ADPATACIO\u0301N-MUSULMAN-DIC-2021.pdf\" target=\"_blank\" rel=\"noopener\"><img decoding=\"async\" width=\"300\" height=\"197\" src=\"https:\/\/plantiointernational.com\/wp-content\/uploads\/2021\/09\/ICONOS-minuta-azul-PLANTIO.jpg\" alt=\"\" class=\"wp-image-3463\" loading=\"lazy\" \/><\/a><\/figure><\/div>\n\n\n\n<h2 class=\"has-text-align-center wp-block-heading\"><span class=\"has-inline-color has-black-color\"><a href=\"https:\/\/plantiointernational.com\/wp-content\/uploads\/2021\/11\/INFORMAE-ADPATACIO\u0301N-MUSULMAN-DIC-2021.pdf\" target=\"_blank\" rel=\"noreferrer noopener\">Muslim adaptation report<\/a><\/span><\/h2>\n<\/div>\n<\/div>\n\n\n\n<div class=\"wp-block-columns is-layout-flex wp-container-core-columns-is-layout-7 wp-block-columns-is-layout-flex\">\n<div class=\"wp-block-column is-layout-flow wp-block-column-is-layout-flow\"><\/div>\n<\/div>\n\n\n\n<p><\/p>\n","protected":false},"excerpt":{"rendered":"<p>All valued by Diana Benejama. Dietitian &#8211; Nutritionist &#8211; CV00943 Basal minute Muslim adaptation minute Lactose-free minute Minute without meat Bufet Muslim adaptation buffet Meatless buffet Nutritionist values Meatless adaptation report Season&#8217;s fruit Allergen control plan Fiorentina adaptation Basal menu changes report Muslim adaptation report<\/p>\n","protected":false},"author":1,"featured_media":0,"parent":0,"menu_order":0,"comment_status":"closed","ping_status":"closed","template":"page-templates\/template-fullwidth.php","meta":{"_monsterinsights_skip_tracking":false,"_monsterinsights_sitenote_active":false,"_monsterinsights_sitenote_note":"","_monsterinsights_sitenote_category":0,"footnotes":""},"yoast_head":"<!-- This site is optimized with the Yoast SEO plugin v22.8 - https:\/\/yoast.com\/wordpress\/plugins\/seo\/ -->\n<title>Nutrition - Colegio Brit\u00e1nico El Plant\u00edo International<\/title>\n<meta name=\"robots\" content=\"index, follow, max-snippet:-1, max-image-preview:large, max-video-preview:-1\" \/>\n<link rel=\"canonical\" href=\"https:\/\/plantiointernational.com\/en\/nutrition-2\/\" \/>\n<meta property=\"og:locale\" content=\"en_US\" \/>\n<meta property=\"og:type\" content=\"article\" \/>\n<meta property=\"og:title\" content=\"Nutrition - Colegio Brit\u00e1nico El Plant\u00edo International\" \/>\n<meta property=\"og:description\" content=\"All valued by Diana Benejama. Dietitian &#8211; Nutritionist &#8211; CV00943 Basal minute Muslim adaptation minute Lactose-free minute Minute without meat Bufet Muslim adaptation buffet Meatless buffet Nutritionist values Meatless adaptation report Season&#8217;s fruit Allergen control plan Fiorentina adaptation Basal menu changes report Muslim adaptation report\" \/>\n<meta property=\"og:url\" content=\"https:\/\/plantiointernational.com\/en\/nutrition-2\/\" \/>\n<meta property=\"og:site_name\" content=\"Colegio Brit\u00e1nico El Plant\u00edo International\" \/>\n<meta property=\"article:modified_time\" content=\"2022-01-15T16:33:37+00:00\" \/>\n<meta property=\"og:image\" content=\"https:\/\/plantiointernational.com\/wp-content\/uploads\/2021\/09\/logo-diana-benejama.jpg\" \/>\n<meta name=\"twitter:card\" content=\"summary_large_image\" \/>\n<meta name=\"twitter:label1\" content=\"Est. reading time\" \/>\n\t<meta name=\"twitter:data1\" content=\"4 minutes\" \/>\n<script type=\"application\/ld+json\" class=\"yoast-schema-graph\">{\"@context\":\"https:\/\/schema.org\",\"@graph\":[{\"@type\":\"WebPage\",\"@id\":\"https:\/\/plantiointernational.com\/en\/nutrition-2\/\",\"url\":\"https:\/\/plantiointernational.com\/en\/nutrition-2\/\",\"name\":\"Nutrition - Colegio Brit\u00e1nico El Plant\u00edo International\",\"isPartOf\":{\"@id\":\"https:\/\/plantiointernational.com\/en\/#website\"},\"primaryImageOfPage\":{\"@id\":\"https:\/\/plantiointernational.com\/en\/nutrition-2\/#primaryimage\"},\"image\":{\"@id\":\"https:\/\/plantiointernational.com\/en\/nutrition-2\/#primaryimage\"},\"thumbnailUrl\":\"https:\/\/plantiointernational.com\/wp-content\/uploads\/2021\/09\/logo-diana-benejama.jpg\",\"datePublished\":\"2021-10-13T23:40:56+00:00\",\"dateModified\":\"2022-01-15T16:33:37+00:00\",\"breadcrumb\":{\"@id\":\"https:\/\/plantiointernational.com\/en\/nutrition-2\/#breadcrumb\"},\"inLanguage\":\"en-US\",\"potentialAction\":[{\"@type\":\"ReadAction\",\"target\":[\"https:\/\/plantiointernational.com\/en\/nutrition-2\/\"]}]},{\"@type\":\"ImageObject\",\"inLanguage\":\"en-US\",\"@id\":\"https:\/\/plantiointernational.com\/en\/nutrition-2\/#primaryimage\",\"url\":\"https:\/\/plantiointernational.com\/wp-content\/uploads\/2021\/09\/logo-diana-benejama.jpg\",\"contentUrl\":\"https:\/\/plantiointernational.com\/wp-content\/uploads\/2021\/09\/logo-diana-benejama.jpg\"},{\"@type\":\"BreadcrumbList\",\"@id\":\"https:\/\/plantiointernational.com\/en\/nutrition-2\/#breadcrumb\",\"itemListElement\":[{\"@type\":\"ListItem\",\"position\":1,\"name\":\"Portada\",\"item\":\"https:\/\/plantiointernational.com\/en\/\"},{\"@type\":\"ListItem\",\"position\":2,\"name\":\"Nutrition\"}]},{\"@type\":\"WebSite\",\"@id\":\"https:\/\/plantiointernational.com\/en\/#website\",\"url\":\"https:\/\/plantiointernational.com\/en\/\",\"name\":\"Colegio Brit\u00e1nico El Plant\u00edo International\",\"description\":\"Colegio Brit\u00e1nico en Valencia\",\"potentialAction\":[{\"@type\":\"SearchAction\",\"target\":{\"@type\":\"EntryPoint\",\"urlTemplate\":\"https:\/\/plantiointernational.com\/en\/?s={search_term_string}\"},\"query-input\":\"required name=search_term_string\"}],\"inLanguage\":\"en-US\"}]}<\/script>\n<!-- \/ Yoast SEO plugin. -->","yoast_head_json":{"title":"Nutrition - Colegio Brit\u00e1nico El Plant\u00edo International","robots":{"index":"index","follow":"follow","max-snippet":"max-snippet:-1","max-image-preview":"max-image-preview:large","max-video-preview":"max-video-preview:-1"},"canonical":"https:\/\/plantiointernational.com\/en\/nutrition-2\/","og_locale":"en_US","og_type":"article","og_title":"Nutrition - Colegio Brit\u00e1nico El Plant\u00edo International","og_description":"All valued by Diana Benejama. Dietitian &#8211; Nutritionist &#8211; CV00943 Basal minute Muslim adaptation minute Lactose-free minute Minute without meat Bufet Muslim adaptation buffet Meatless buffet Nutritionist values Meatless adaptation report Season&#8217;s fruit Allergen control plan Fiorentina adaptation Basal menu changes report Muslim adaptation report","og_url":"https:\/\/plantiointernational.com\/en\/nutrition-2\/","og_site_name":"Colegio Brit\u00e1nico El Plant\u00edo International","article_modified_time":"2022-01-15T16:33:37+00:00","og_image":[{"url":"https:\/\/plantiointernational.com\/wp-content\/uploads\/2021\/09\/logo-diana-benejama.jpg"}],"twitter_card":"summary_large_image","twitter_misc":{"Est. reading time":"4 minutes"},"schema":{"@context":"https:\/\/schema.org","@graph":[{"@type":"WebPage","@id":"https:\/\/plantiointernational.com\/en\/nutrition-2\/","url":"https:\/\/plantiointernational.com\/en\/nutrition-2\/","name":"Nutrition - Colegio Brit\u00e1nico El Plant\u00edo International","isPartOf":{"@id":"https:\/\/plantiointernational.com\/en\/#website"},"primaryImageOfPage":{"@id":"https:\/\/plantiointernational.com\/en\/nutrition-2\/#primaryimage"},"image":{"@id":"https:\/\/plantiointernational.com\/en\/nutrition-2\/#primaryimage"},"thumbnailUrl":"https:\/\/plantiointernational.com\/wp-content\/uploads\/2021\/09\/logo-diana-benejama.jpg","datePublished":"2021-10-13T23:40:56+00:00","dateModified":"2022-01-15T16:33:37+00:00","breadcrumb":{"@id":"https:\/\/plantiointernational.com\/en\/nutrition-2\/#breadcrumb"},"inLanguage":"en-US","potentialAction":[{"@type":"ReadAction","target":["https:\/\/plantiointernational.com\/en\/nutrition-2\/"]}]},{"@type":"ImageObject","inLanguage":"en-US","@id":"https:\/\/plantiointernational.com\/en\/nutrition-2\/#primaryimage","url":"https:\/\/plantiointernational.com\/wp-content\/uploads\/2021\/09\/logo-diana-benejama.jpg","contentUrl":"https:\/\/plantiointernational.com\/wp-content\/uploads\/2021\/09\/logo-diana-benejama.jpg"},{"@type":"BreadcrumbList","@id":"https:\/\/plantiointernational.com\/en\/nutrition-2\/#breadcrumb","itemListElement":[{"@type":"ListItem","position":1,"name":"Portada","item":"https:\/\/plantiointernational.com\/en\/"},{"@type":"ListItem","position":2,"name":"Nutrition"}]},{"@type":"WebSite","@id":"https:\/\/plantiointernational.com\/en\/#website","url":"https:\/\/plantiointernational.com\/en\/","name":"Colegio Brit\u00e1nico El Plant\u00edo International","description":"Colegio Brit\u00e1nico en Valencia","potentialAction":[{"@type":"SearchAction","target":{"@type":"EntryPoint","urlTemplate":"https:\/\/plantiointernational.com\/en\/?s={search_term_string}"},"query-input":"required name=search_term_string"}],"inLanguage":"en-US"}]}},"_links":{"self":[{"href":"https:\/\/plantiointernational.com\/en\/wp-json\/wp\/v2\/pages\/4031"}],"collection":[{"href":"https:\/\/plantiointernational.com\/en\/wp-json\/wp\/v2\/pages"}],"about":[{"href":"https:\/\/plantiointernational.com\/en\/wp-json\/wp\/v2\/types\/page"}],"author":[{"embeddable":true,"href":"https:\/\/plantiointernational.com\/en\/wp-json\/wp\/v2\/users\/1"}],"replies":[{"embeddable":true,"href":"https:\/\/plantiointernational.com\/en\/wp-json\/wp\/v2\/comments?post=4031"}],"version-history":[{"count":23,"href":"https:\/\/plantiointernational.com\/en\/wp-json\/wp\/v2\/pages\/4031\/revisions"}],"predecessor-version":[{"id":4225,"href":"https:\/\/plantiointernational.com\/en\/wp-json\/wp\/v2\/pages\/4031\/revisions\/4225"}],"wp:attachment":[{"href":"https:\/\/plantiointernational.com\/en\/wp-json\/wp\/v2\/media?parent=4031"}],"curies":[{"name":"wp","href":"https:\/\/api.w.org\/{rel}","templated":true}]}}