{"id":3260,"date":"2021-05-26T22:56:22","date_gmt":"2021-05-26T22:56:22","guid":{"rendered":"https:\/\/prueba.plantiointernational.com\/summer-school\/"},"modified":"2026-03-08T22:02:56","modified_gmt":"2026-03-08T22:02:56","slug":"english-summer","status":"publish","type":"page","link":"https:\/\/plantiointernational.com\/en\/english-summer\/","title":{"rendered":"Summer School"},"content":{"rendered":"<div class=\"wpb-content-wrapper\"><p>[vc_row content_placement=&#8221;middle&#8221; fullwidth=&#8221;yes&#8221; parallax_bg=&#8221;true&#8221; css=&#8221;.vc_custom_1773006886478{margin-top: 150px !important;padding-top: 14% !important;padding-right: 16% !important;padding-bottom: 16% !important;padding-left: 16% !important;background-image: url(https:\/\/plantiointernational.com\/wp-content\/uploads\/2026\/03\/banner-eng-scaled.jpg?id=6850) !important;background-position: center !important;background-repeat: no-repeat !important;background-size: contain !important;}&#8221; el_class=&#8221;fondo&#8221;][vc_column][\/vc_column][\/vc_row][vc_row][vc_column][vc_custom_heading source=&#8221;post_title&#8221; font_container=&#8221;tag:h1|font_size:50|text_align:center|color:%232d4076&#8243; google_fonts=&#8221;font_family:Open%20Sans%3A300%2C300italic%2Cregular%2Citalic%2C600%2C600italic%2C700%2C700italic%2C800%2C800italic|font_style:600%20bold%20regular%3A600%3Anormal&#8221; css_animation=&#8221;none&#8221;][vc_empty_space][vc_column_text]<\/p>\n<p style=\"text-align: center;\"><span style=\"font-size: 24px; color: #000000; line-height: 32px; font-family: Open sans;\"><b>This Summer: A Surf, Sea and Island Adventure<\/b><\/span><\/p>\n<p style=\"text-align: center;\"><span style=\"font-size: 24px; color: #000000; line-height: 32px; font-family: Open sans;\"><b>From 29 June to 31 July<\/b><\/span><\/p>\n<p style=\"text-align: left;\"><span style=\"font-size: 24px; color: #000000; line-height: 32px; font-family: Open sans;\">This summer, we will embark on a great adventure among waves, islands and oceans! We will explore the sea and island life through surfing and a deep connection with nature, discovering the importance of caring for our oceans while enjoying everything they have to offer. We will experience the ocean first-hand, learning to respect it, understand it and protect it.<\/span><\/p>\n<p>&nbsp;[\/vc_column_text][vc_single_image image=&#8221;6855&#8243; img_size=&#8221;full&#8221; alignment=&#8221;center&#8221;][vc_empty_space height=&#8221;60px&#8221;][vc_empty_space][vc_column_text]<span style=\"font-size: 24px; color: #000000; line-height: 32px; font-family: Open sans;\">Our adventure will take us to islands full of energy and culture, where we will discover the sea from the inside: feeling the waves, exploring the coastline, learning about marine life and island culture, and working together as a true\u00a0 crew.<br \/>\nThroughout this journey, <strong>English will be our main language of communication, accompanied by Spanish to enrich the experience.<\/strong> We will also review and consolidate the learning acquired during the school year, always in a practical and fun way..<\/span>[\/vc_column_text][vc_empty_space height=&#8221;60px&#8221;][vc_custom_heading text=&#8221;Our learning will be varied, active and experiential, and will include:&#8221; font_container=&#8221;tag:h2|font_size:50|text_align:center|color:%232d4076&#8243; google_fonts=&#8221;font_family:Open%20Sans%3A300%2C300italic%2Cregular%2Citalic%2C600%2C600italic%2C700%2C700italic%2C800%2C800italic|font_style:600%20bold%20regular%3A600%3Anormal&#8221; css_animation=&#8221;none&#8221;][vc_row_inner][vc_column_inner][vc_column_text]<span style=\"font-size: 24px; color: #000000; line-height: 32px; font-family: Open sans;\">All activities will take place in a warm, family-oriented environment, where <\/span><span style=\"font-size: 24px; color: #000000; line-height: 32px; font-family: Open sans;\">respect, care and cooperation are the foundation of everything we do.<br \/>\nThis summer, we will learn to surf waves, knowledge and emotions, growing together and creating unforgettable memories.\u00a0<\/span>[\/vc_column_text][\/vc_column_inner][\/vc_row_inner][vc_row_inner][vc_column_inner width=&#8221;1\/4&#8243;][vc_hoverbox image=&#8221;6785&#8243; primary_title=&#8221;&#8221; hover_title=&#8221;Surfing and Water Sports:&#8221; css=&#8221;.vc_custom_1772394078988{margin-top: 0px !important;margin-right: 0px !important;margin-bottom: 0px !important;margin-left: 0px !important;border-top-width: 0px !important;border-right-width: 0px !important;border-bottom-width: 0px !important;border-left-width: 0px !important;padding-top: 0px !important;padding-right: 0px !important;padding-bottom: 0px !important;padding-left: 0px !important;}&#8221;]<\/p>\n<p class=\"p1\">Introduction to surfing and sea games to develop balance, confidence and teamwork.<\/p>\n<p>[\/vc_hoverbox][vc_empty_space][\/vc_column_inner][vc_column_inner width=&#8221;1\/4&#8243;][vc_hoverbox image=&#8221;6798&#8243; primary_title=&#8221;&#8221; hover_title=&#8221;Marine Science:&#8221; css=&#8221;.vc_custom_1772394098647{margin-top: 0px !important;margin-right: 0px !important;margin-bottom: 0px !important;margin-left: 0px !important;border-top-width: 0px !important;border-right-width: 0px !important;border-bottom-width: 0px !important;border-left-width: 0px !important;padding-top: 0px !important;padding-right: 0px !important;padding-bottom: 0px !important;padding-left: 0px !important;}&#8221;]<\/p>\n<p class=\"p1\">Experiments and activities to discover the oceans, tides and marine life.<\/p>\n<p>[\/vc_hoverbox][\/vc_column_inner][vc_column_inner width=&#8221;1\/4&#8243;][vc_hoverbox image=&#8221;6777&#8243; primary_title=&#8221;&#8221; hover_title=&#8221;Computing and Robotics:&#8221; css=&#8221;.vc_custom_1772394117034{margin-top: 0px !important;margin-right: 0px !important;margin-bottom: 0px !important;margin-left: 0px !important;border-top-width: 0px !important;border-right-width: 0px !important;border-bottom-width: 0px !important;border-left-width: 0px !important;padding-top: 0px !important;padding-right: 0px !important;padding-bottom: 0px !important;padding-left: 0px !important;}&#8221;]<\/p>\n<p class=\"p1\">Technology applied to the sea, sustainability and exploration.<\/p>\n<p>[\/vc_hoverbox][\/vc_column_inner][vc_column_inner width=&#8221;1\/4&#8243;][vc_hoverbox image=&#8221;6815&#8243; primary_title=&#8221;&#8221; hover_title=&#8221;Theatre, Music and Expression:&#8221; css=&#8221;.vc_custom_1772394137434{margin-top: 0px !important;margin-right: 0px !important;margin-bottom: 0px !important;margin-left: 0px !important;border-top-width: 0px !important;border-right-width: 0px !important;border-bottom-width: 0px !important;border-left-width: 0px !important;padding-top: 0px !important;padding-right: 0px !important;padding-bottom: 0px !important;padding-left: 0px !important;}&#8221;]<\/p>\n<p class=\"p1\">We will create sea-inspired stories, island songs and surfer-style podcasts.<\/p>\n<p>[\/vc_hoverbox][\/vc_column_inner][\/vc_row_inner][vc_row_inner][vc_column_inner width=&#8221;1\/4&#8243;][vc_hoverbox image=&#8221;6775&#8243; primary_title=&#8221;&#8221; hover_title=&#8221;Island Cooking and Arts:&#8221; css=&#8221;.vc_custom_1772482716450{margin-top: 0px !important;margin-right: 0px !important;margin-bottom: 0px !important;margin-left: 0px !important;border-top-width: 0px !important;border-right-width: 0px !important;border-bottom-width: 0px !important;border-left-width: 0px !important;padding-top: 0px !important;padding-right: 0px !important;padding-bottom: 0px !important;padding-left: 0px !important;}&#8221;]<\/p>\n<p class=\"p1\">We will explore island recipes and artistic expressions inspired by the ocean.<\/p>\n<p>[\/vc_hoverbox][\/vc_column_inner][vc_column_inner width=&#8221;1\/4&#8243;][vc_hoverbox image=&#8221;6781&#8243; primary_title=&#8221;&#8221; hover_title=&#8221;Nature School:&#8221; css=&#8221;.vc_custom_1772395845111{margin-top: 0px !important;margin-right: 0px !important;margin-bottom: 0px !important;margin-left: 0px !important;border-top-width: 0px !important;border-right-width: 0px !important;border-bottom-width: 0px !important;border-left-width: 0px !important;padding-top: 0px !important;padding-right: 0px !important;padding-bottom: 0px !important;padding-left: 0px !important;}&#8221;]<\/p>\n<p class=\"p1\">Outdoor learning on the beach and in natural environments, connecting with the land and the sea.<\/p>\n<p>[\/vc_hoverbox][\/vc_column_inner][vc_column_inner width=&#8221;1\/4&#8243;][vc_hoverbox image=&#8221;6787&#8243; primary_title=&#8221;&#8221; hover_title=&#8221;Recycling and Construction:&#8221; css=&#8221;.vc_custom_1772395858168{margin-top: 0px !important;margin-right: 0px !important;margin-bottom: 0px !important;margin-left: 0px !important;border-top-width: 0px !important;border-right-width: 0px !important;border-bottom-width: 0px !important;border-left-width: 0px !important;padding-top: 0px !important;padding-right: 0px !important;padding-bottom: 0px !important;padding-left: 0px !important;}&#8221;]<\/p>\n<p class=\"p1\">Creative projects using recycled materials to help protect our oceans.<\/p>\n<p>[\/vc_hoverbox][\/vc_column_inner][vc_column_inner width=&#8221;1\/4&#8243;][vc_hoverbox image=&#8221;6796&#8243; primary_title=&#8221;&#8221; hover_title=&#8221;Swimming and Water Games:&#8221; css=&#8221;.vc_custom_1772395874516{margin-top: 0px !important;margin-right: 0px !important;margin-bottom: 0px !important;margin-left: 0px !important;border-top-width: 0px !important;border-right-width: 0px !important;border-bottom-width: 0px !important;border-left-width: 0px !important;padding-top: 0px !important;padding-right: 0px !important;padding-bottom: 0px !important;padding-left: 0px !important;}&#8221;]<\/p>\n<p class=\"p1\">Safety, confidence and enjoyment in the aquatic environment.<\/p>\n<p>[\/vc_hoverbox][vc_empty_space][\/vc_column_inner][\/vc_row_inner][\/vc_column][\/vc_row][vc_row][vc_column width=&#8221;1\/4&#8243;][vc_custom_heading text=&#8221;Prices&#8221; font_container=&#8221;tag:h4|font_size:35|text_align:center|color:%232d4076&#8243; google_fonts=&#8221;font_family:Open%20Sans%3A300%2C300italic%2Cregular%2Citalic%2C600%2C600italic%2C700%2C700italic%2C800%2C800italic|font_style:600%20bold%20regular%3A600%3Anormal&#8221; css_animation=&#8221;none&#8221;][vc_column_text]<\/p>\n<p style=\"text-align: center;\"><a href=\"https:\/\/plantiointernational.com\/wp-content\/uploads\/2026\/02\/Precios-Julio-2026.pdf\"><span style=\"color: #000000; font-family: Open sans;\"><span style=\"font-size: 24px;\"><img decoding=\"async\" class=\"alignnone wp-image-6493\" src=\"https:\/\/plantiointernational.com\/wp-content\/uploads\/2025\/04\/file_16425681-300x300.png\" alt=\"\" width=\"80\" height=\"80\" srcset=\"https:\/\/plantiointernational.com\/wp-content\/uploads\/2025\/04\/file_16425681-300x300.png 300w, https:\/\/plantiointernational.com\/wp-content\/uploads\/2025\/04\/file_16425681-150x150.png 150w, https:\/\/plantiointernational.com\/wp-content\/uploads\/2025\/04\/file_16425681.png 512w\" sizes=\"(max-width: 80px) 100vw, 80px\" loading=\"lazy\" \/><\/span><\/span><\/a><\/p>\n<p style=\"text-align: center;\"><a href=\"https:\/\/plantiointernational.com\/wp-content\/uploads\/2026\/02\/Precios-Julio-2026.pdf\"><span style=\"color: #000000; font-family: Open sans;\"><span style=\"font-size: 24px;\">Price list<\/span><\/span><\/a><\/p>\n<p>[\/vc_column_text][vc_empty_space height=&#8221;30px&#8221;][\/vc_column][vc_column width=&#8221;1\/4&#8243;][vc_custom_heading text=&#8221;Bus Routes&#8221; font_container=&#8221;tag:h4|font_size:35|text_align:center|color:%232d4076&#8243; google_fonts=&#8221;font_family:Open%20Sans%3A300%2C300italic%2Cregular%2Citalic%2C600%2C600italic%2C700%2C700italic%2C800%2C800italic|font_style:600%20bold%20regular%3A600%3Anormal&#8221; css_animation=&#8221;none&#8221;][vc_column_text]<\/p>\n<p style=\"text-align: center;\"><a href=\"https:\/\/drive.google.com\/file\/d\/1SVjwqoXjhrJHSg5OGLyxKng4l8_eOWVD\/view?usp=sharing\"><span style=\"color: #000000; font-family: Open sans;\"><span style=\"font-size: 24px;\"><img decoding=\"async\" class=\"alignnone wp-image-6493\" src=\"https:\/\/plantiointernational.com\/wp-content\/uploads\/2025\/04\/file_16425681-300x300.png\" alt=\"\" width=\"80\" height=\"80\" srcset=\"https:\/\/plantiointernational.com\/wp-content\/uploads\/2025\/04\/file_16425681-300x300.png 300w, https:\/\/plantiointernational.com\/wp-content\/uploads\/2025\/04\/file_16425681-150x150.png 150w, https:\/\/plantiointernational.com\/wp-content\/uploads\/2025\/04\/file_16425681.png 512w\" sizes=\"(max-width: 80px) 100vw, 80px\" loading=\"lazy\" \/><\/span><\/span><\/a><\/p>\n<p style=\"text-align: center;\"><a href=\"https:\/\/drive.google.com\/file\/d\/1SVjwqoXjhrJHSg5OGLyxKng4l8_eOWVD\/view?usp=sharing\"><span style=\"color: #000000; font-family: Open sans;\"><span style=\"font-size: 24px;\">Routes<\/span><\/span><\/a><\/p>\n<p>[\/vc_column_text][\/vc_column][vc_column width=&#8221;1\/4&#8243;][vc_custom_heading text=&#8221;Registrations&#8221; font_container=&#8221;tag:h4|font_size:35|text_align:center|color:%232d4076&#8243; google_fonts=&#8221;font_family:Open%20Sans%3A300%2C300italic%2Cregular%2Citalic%2C600%2C600italic%2C700%2C700italic%2C800%2C800italic|font_style:600%20bold%20regular%3A600%3Anormal&#8221; css_animation=&#8221;none&#8221;][vc_column_text]<\/p>\n<p style=\"text-align: center;\"><a href=\"https:\/\/forms.gle\/LtH6ATMtaaGqWenn9\"><span style=\"color: #000000; font-family: Open sans;\"><span style=\"font-size: 24px;\"><img decoding=\"async\" class=\"alignnone wp-image-6496 \" src=\"https:\/\/plantiointernational.com\/wp-content\/uploads\/2025\/04\/job_10485121-300x300.png\" alt=\"\" width=\"80\" height=\"80\" srcset=\"https:\/\/plantiointernational.com\/wp-content\/uploads\/2025\/04\/job_10485121-300x300.png 300w, https:\/\/plantiointernational.com\/wp-content\/uploads\/2025\/04\/job_10485121-150x150.png 150w, https:\/\/plantiointernational.com\/wp-content\/uploads\/2025\/04\/job_10485121.png 512w\" sizes=\"(max-width: 80px) 100vw, 80px\" loading=\"lazy\" \/><\/span><\/span><\/a><\/p>\n<p style=\"text-align: center;\"><a href=\"https:\/\/forms.gle\/LtH6ATMtaaGqWenn9\"><span style=\"color: #000000; font-family: Open sans;\"><span style=\"font-size: 24px;\">Form<\/span><\/span><\/a><\/p>\n<p>[\/vc_column_text][\/vc_column][vc_column width=&#8221;1\/4&#8243;][vc_custom_heading text=&#8221;More info&#8221; font_container=&#8221;tag:h4|font_size:35|text_align:center|color:%232d4076&#8243; google_fonts=&#8221;font_family:Open%20Sans%3A300%2C300italic%2Cregular%2Citalic%2C600%2C600italic%2C700%2C700italic%2C800%2C800italic|font_style:600%20bold%20regular%3A600%3Anormal&#8221; css_animation=&#8221;none&#8221;][vc_column_text]<\/p>\n<p style=\"text-align: center;\"><a href=\"mailto:summerschool@plantiointernational.com\"><span style=\"color: #000000; font-family: Open sans;\"><span style=\"font-size: 24px;\"><img decoding=\"async\" class=\"alignnone wp-image-6498 \" src=\"https:\/\/plantiointernational.com\/wp-content\/uploads\/2025\/04\/information_8366147-300x300.png\" alt=\"\" width=\"80\" height=\"80\" srcset=\"https:\/\/plantiointernational.com\/wp-content\/uploads\/2025\/04\/information_8366147-300x300.png 300w, https:\/\/plantiointernational.com\/wp-content\/uploads\/2025\/04\/information_8366147-150x150.png 150w, https:\/\/plantiointernational.com\/wp-content\/uploads\/2025\/04\/information_8366147.png 512w\" sizes=\"(max-width: 80px) 100vw, 80px\" loading=\"lazy\" \/><\/span><\/span><\/a><\/p>\n<p style=\"text-align: center;\"><a href=\"mailto:summerschool@plantiointernational.com\"><span style=\"color: #000000; font-family: Open sans;\"><span style=\"font-size: 24px;\">Email<\/span><\/span><\/a><\/p>\n<p>[\/vc_column_text][\/vc_column][\/vc_row][vc_row fullwidth=&#8221;yes&#8221; css=&#8221;.vc_custom_1716381145804{padding-top: 15% !important;padding-bottom: 15% !important;background-image: url(https:\/\/plantiointernational.com\/wp-content\/uploads\/2024\/05\/fondo-summer.jpg?id=5979) !important;background-position: center !important;background-repeat: no-repeat !important;background-size: cover !important;}&#8221;][vc_column][\/vc_column][\/vc_row]<\/p>\n<\/div>","protected":false},"excerpt":{"rendered":"<p>[vc_row content_placement=&#8221;middle&#8221; fullwidth=&#8221;yes&#8221; parallax_bg=&#8221;true&#8221; css=&#8221;.vc_custom_1773006886478{margin-top: 150px !important;padding-top: 14% !important;padding-right: 16% !important;padding-bottom: 16% !important;padding-left: 16% !important;background-image: url(https:\/\/plantiointernational.com\/wp-content\/uploads\/2026\/03\/banner-eng-scaled.jpg?id=6850) !important;background-position: center !important;background-repeat: no-repeat !important;background-size: contain !important;}&#8221; el_class=&#8221;fondo&#8221;][vc_column][\/vc_column][\/vc_row][vc_row][vc_column][vc_custom_heading source=&#8221;post_title&#8221; font_container=&#8221;tag:h1|font_size:50|text_align:center|color:%232d4076&#8243; google_fonts=&#8221;font_family:Open%20Sans%3A300%2C300italic%2Cregular%2Citalic%2C600%2C600italic%2C700%2C700italic%2C800%2C800italic|font_style:600%20bold%20regular%3A600%3Anormal&#8221; css_animation=&#8221;none&#8221;][vc_empty_space][vc_column_text] This Summer: A Surf, Sea and Island Adventure From 29 June to 31 July This summer, we will embark on a great adventure among waves, islands and [&hellip;]<\/p>\n","protected":false},"author":1,"featured_media":0,"parent":0,"menu_order":0,"comment_status":"closed","ping_status":"closed","template":"page-templates\/template-canvas.php","meta":{"_monsterinsights_skip_tracking":false,"_monsterinsights_sitenote_active":false,"_monsterinsights_sitenote_note":"","_monsterinsights_sitenote_category":0,"footnotes":""},"yoast_head":"<!-- This site is optimized with the Yoast SEO plugin v22.8 - https:\/\/yoast.com\/wordpress\/plugins\/seo\/ -->\n<title>Summer School - Colegio Brit\u00e1nico El Plant\u00edo International<\/title>\n<meta name=\"robots\" content=\"index, follow, max-snippet:-1, max-image-preview:large, max-video-preview:-1\" \/>\n<link rel=\"canonical\" href=\"https:\/\/plantiointernational.com\/en\/english-summer\/\" \/>\n<meta property=\"og:locale\" content=\"en_US\" \/>\n<meta property=\"og:type\" content=\"article\" \/>\n<meta property=\"og:title\" content=\"Summer School - Colegio Brit\u00e1nico El Plant\u00edo International\" \/>\n<meta property=\"og:description\" content=\"[vc_row content_placement=&#8221;middle&#8221; fullwidth=&#8221;yes&#8221; parallax_bg=&#8221;true&#8221; css=&#8221;.vc_custom_1773006886478{margin-top: 150px !important;padding-top: 14% !important;padding-right: 16% !important;padding-bottom: 16% !important;padding-left: 16% !important;background-image: url(https:\/\/plantiointernational.com\/wp-content\/uploads\/2026\/03\/banner-eng-scaled.jpg?id=6850) !important;background-position: center !important;background-repeat: no-repeat !important;background-size: contain !important;}&#8221; el_class=&#8221;fondo&#8221;][vc_column][\/vc_column][\/vc_row][vc_row][vc_column][vc_custom_heading source=&#8221;post_title&#8221; font_container=&#8221;tag:h1|font_size:50|text_align:center|color:%232d4076&#8243; google_fonts=&#8221;font_family:Open%20Sans%3A300%2C300italic%2Cregular%2Citalic%2C600%2C600italic%2C700%2C700italic%2C800%2C800italic|font_style:600%20bold%20regular%3A600%3Anormal&#8221; css_animation=&#8221;none&#8221;][vc_empty_space][vc_column_text] This Summer: A Surf, Sea and Island Adventure From 29 June to 31 July This summer, we will embark on a great adventure among waves, islands and [&hellip;]\" \/>\n<meta property=\"og:url\" content=\"https:\/\/plantiointernational.com\/en\/english-summer\/\" \/>\n<meta property=\"og:site_name\" content=\"Colegio Brit\u00e1nico El Plant\u00edo International\" \/>\n<meta property=\"article:modified_time\" content=\"2026-03-08T22:02:56+00:00\" \/>\n<meta property=\"og:image\" content=\"https:\/\/plantiointernational.com\/wp-content\/uploads\/2025\/04\/file_16425681-300x300.png\" \/>\n<meta name=\"twitter:card\" content=\"summary_large_image\" \/>\n<meta name=\"twitter:label1\" content=\"Est. reading time\" \/>\n\t<meta name=\"twitter:data1\" content=\"3 minutes\" \/>\n<script type=\"application\/ld+json\" class=\"yoast-schema-graph\">{\"@context\":\"https:\/\/schema.org\",\"@graph\":[{\"@type\":\"WebPage\",\"@id\":\"https:\/\/plantiointernational.com\/en\/english-summer\/\",\"url\":\"https:\/\/plantiointernational.com\/en\/english-summer\/\",\"name\":\"Summer School - Colegio Brit\u00e1nico El Plant\u00edo International\",\"isPartOf\":{\"@id\":\"https:\/\/plantiointernational.com\/en\/#website\"},\"primaryImageOfPage\":{\"@id\":\"https:\/\/plantiointernational.com\/en\/english-summer\/#primaryimage\"},\"image\":{\"@id\":\"https:\/\/plantiointernational.com\/en\/english-summer\/#primaryimage\"},\"thumbnailUrl\":\"https:\/\/plantiointernational.com\/wp-content\/uploads\/2025\/04\/file_16425681-300x300.png\",\"datePublished\":\"2021-05-26T22:56:22+00:00\",\"dateModified\":\"2026-03-08T22:02:56+00:00\",\"breadcrumb\":{\"@id\":\"https:\/\/plantiointernational.com\/en\/english-summer\/#breadcrumb\"},\"inLanguage\":\"en-US\",\"potentialAction\":[{\"@type\":\"ReadAction\",\"target\":[\"https:\/\/plantiointernational.com\/en\/english-summer\/\"]}]},{\"@type\":\"ImageObject\",\"inLanguage\":\"en-US\",\"@id\":\"https:\/\/plantiointernational.com\/en\/english-summer\/#primaryimage\",\"url\":\"https:\/\/plantiointernational.com\/wp-content\/uploads\/2025\/04\/file_16425681-300x300.png\",\"contentUrl\":\"https:\/\/plantiointernational.com\/wp-content\/uploads\/2025\/04\/file_16425681-300x300.png\"},{\"@type\":\"BreadcrumbList\",\"@id\":\"https:\/\/plantiointernational.com\/en\/english-summer\/#breadcrumb\",\"itemListElement\":[{\"@type\":\"ListItem\",\"position\":1,\"name\":\"Portada\",\"item\":\"https:\/\/plantiointernational.com\/en\/\"},{\"@type\":\"ListItem\",\"position\":2,\"name\":\"Summer School\"}]},{\"@type\":\"WebSite\",\"@id\":\"https:\/\/plantiointernational.com\/en\/#website\",\"url\":\"https:\/\/plantiointernational.com\/en\/\",\"name\":\"Colegio Brit\u00e1nico El Plant\u00edo International\",\"description\":\"Colegio Brit\u00e1nico en Valencia\",\"potentialAction\":[{\"@type\":\"SearchAction\",\"target\":{\"@type\":\"EntryPoint\",\"urlTemplate\":\"https:\/\/plantiointernational.com\/en\/?s={search_term_string}\"},\"query-input\":\"required name=search_term_string\"}],\"inLanguage\":\"en-US\"}]}<\/script>\n<!-- \/ Yoast SEO plugin. -->","yoast_head_json":{"title":"Summer School - Colegio Brit\u00e1nico El Plant\u00edo International","robots":{"index":"index","follow":"follow","max-snippet":"max-snippet:-1","max-image-preview":"max-image-preview:large","max-video-preview":"max-video-preview:-1"},"canonical":"https:\/\/plantiointernational.com\/en\/english-summer\/","og_locale":"en_US","og_type":"article","og_title":"Summer School - Colegio Brit\u00e1nico El Plant\u00edo International","og_description":"[vc_row content_placement=&#8221;middle&#8221; fullwidth=&#8221;yes&#8221; parallax_bg=&#8221;true&#8221; css=&#8221;.vc_custom_1773006886478{margin-top: 150px !important;padding-top: 14% !important;padding-right: 16% !important;padding-bottom: 16% !important;padding-left: 16% !important;background-image: url(https:\/\/plantiointernational.com\/wp-content\/uploads\/2026\/03\/banner-eng-scaled.jpg?id=6850) !important;background-position: center !important;background-repeat: no-repeat !important;background-size: contain !important;}&#8221; el_class=&#8221;fondo&#8221;][vc_column][\/vc_column][\/vc_row][vc_row][vc_column][vc_custom_heading source=&#8221;post_title&#8221; font_container=&#8221;tag:h1|font_size:50|text_align:center|color:%232d4076&#8243; google_fonts=&#8221;font_family:Open%20Sans%3A300%2C300italic%2Cregular%2Citalic%2C600%2C600italic%2C700%2C700italic%2C800%2C800italic|font_style:600%20bold%20regular%3A600%3Anormal&#8221; css_animation=&#8221;none&#8221;][vc_empty_space][vc_column_text] This Summer: A Surf, Sea and Island Adventure From 29 June to 31 July This summer, we will embark on a great adventure among waves, islands and [&hellip;]","og_url":"https:\/\/plantiointernational.com\/en\/english-summer\/","og_site_name":"Colegio Brit\u00e1nico El Plant\u00edo International","article_modified_time":"2026-03-08T22:02:56+00:00","og_image":[{"url":"https:\/\/plantiointernational.com\/wp-content\/uploads\/2025\/04\/file_16425681-300x300.png"}],"twitter_card":"summary_large_image","twitter_misc":{"Est. reading time":"3 minutes"},"schema":{"@context":"https:\/\/schema.org","@graph":[{"@type":"WebPage","@id":"https:\/\/plantiointernational.com\/en\/english-summer\/","url":"https:\/\/plantiointernational.com\/en\/english-summer\/","name":"Summer School - Colegio Brit\u00e1nico El Plant\u00edo International","isPartOf":{"@id":"https:\/\/plantiointernational.com\/en\/#website"},"primaryImageOfPage":{"@id":"https:\/\/plantiointernational.com\/en\/english-summer\/#primaryimage"},"image":{"@id":"https:\/\/plantiointernational.com\/en\/english-summer\/#primaryimage"},"thumbnailUrl":"https:\/\/plantiointernational.com\/wp-content\/uploads\/2025\/04\/file_16425681-300x300.png","datePublished":"2021-05-26T22:56:22+00:00","dateModified":"2026-03-08T22:02:56+00:00","breadcrumb":{"@id":"https:\/\/plantiointernational.com\/en\/english-summer\/#breadcrumb"},"inLanguage":"en-US","potentialAction":[{"@type":"ReadAction","target":["https:\/\/plantiointernational.com\/en\/english-summer\/"]}]},{"@type":"ImageObject","inLanguage":"en-US","@id":"https:\/\/plantiointernational.com\/en\/english-summer\/#primaryimage","url":"https:\/\/plantiointernational.com\/wp-content\/uploads\/2025\/04\/file_16425681-300x300.png","contentUrl":"https:\/\/plantiointernational.com\/wp-content\/uploads\/2025\/04\/file_16425681-300x300.png"},{"@type":"BreadcrumbList","@id":"https:\/\/plantiointernational.com\/en\/english-summer\/#breadcrumb","itemListElement":[{"@type":"ListItem","position":1,"name":"Portada","item":"https:\/\/plantiointernational.com\/en\/"},{"@type":"ListItem","position":2,"name":"Summer School"}]},{"@type":"WebSite","@id":"https:\/\/plantiointernational.com\/en\/#website","url":"https:\/\/plantiointernational.com\/en\/","name":"Colegio Brit\u00e1nico El Plant\u00edo International","description":"Colegio Brit\u00e1nico en Valencia","potentialAction":[{"@type":"SearchAction","target":{"@type":"EntryPoint","urlTemplate":"https:\/\/plantiointernational.com\/en\/?s={search_term_string}"},"query-input":"required name=search_term_string"}],"inLanguage":"en-US"}]}},"_links":{"self":[{"href":"https:\/\/plantiointernational.com\/en\/wp-json\/wp\/v2\/pages\/3260"}],"collection":[{"href":"https:\/\/plantiointernational.com\/en\/wp-json\/wp\/v2\/pages"}],"about":[{"href":"https:\/\/plantiointernational.com\/en\/wp-json\/wp\/v2\/types\/page"}],"author":[{"embeddable":true,"href":"https:\/\/plantiointernational.com\/en\/wp-json\/wp\/v2\/users\/1"}],"replies":[{"embeddable":true,"href":"https:\/\/plantiointernational.com\/en\/wp-json\/wp\/v2\/comments?post=3260"}],"version-history":[{"count":37,"href":"https:\/\/plantiointernational.com\/en\/wp-json\/wp\/v2\/pages\/3260\/revisions"}],"predecessor-version":[{"id":6859,"href":"https:\/\/plantiointernational.com\/en\/wp-json\/wp\/v2\/pages\/3260\/revisions\/6859"}],"wp:attachment":[{"href":"https:\/\/plantiointernational.com\/en\/wp-json\/wp\/v2\/media?parent=3260"}],"curies":[{"name":"wp","href":"https:\/\/api.w.org\/{rel}","templated":true}]}}