{"id":3255,"date":"2021-05-26T22:52:05","date_gmt":"2021-05-26T22:52:05","guid":{"rendered":"https:\/\/prueba.plantiointernational.com\/extracurricular-activities\/"},"modified":"2025-10-23T21:23:52","modified_gmt":"2025-10-23T21:23:52","slug":"extracurricular-activities","status":"publish","type":"page","link":"https:\/\/plantiointernational.com\/en\/extracurricular-activities\/","title":{"rendered":"Extracurricular activities"},"content":{"rendered":"<div class=\"wpb-content-wrapper\"><p>[vc_row fullwidth=&#8221;yes&#8221; css=&#8221;.vc_custom_1642261585964{padding-top: 15% !important;padding-bottom: 15% !important;background-image: url(https:\/\/plantiointernational.com\/wp-content\/uploads\/2022\/01\/EQUIPO-EXTRAESCOLAR-EL-PLANTIO-1920.jpg?id=4259) !important;background-position: center !important;background-repeat: no-repeat !important;background-size: cover !important;}&#8221;][vc_column][\/vc_column][\/vc_row][vc_row][vc_column][vc_custom_heading text=&#8221;Extracurricular activities&#8221; font_container=&#8221;tag:h1|font_size:50|text_align:center|color:%232d4076&#8243; google_fonts=&#8221;font_family:Open%20Sans%3A300%2C300italic%2Cregular%2Citalic%2C600%2C600italic%2C700%2C700italic%2C800%2C800italic|font_style:600%20bold%20regular%3A600%3Anormal&#8221; css_animation=&#8221;none&#8221;][\/vc_column][\/vc_row][vc_row fullwidth=&#8221;yes&#8221; css=&#8221;.vc_custom_1642261640129{padding-top: 15% !important;padding-bottom: 15% !important;background-image: url(https:\/\/plantiointernational.com\/wp-content\/uploads\/2022\/01\/CHIC0S-grupo-SPORT-EL-PLANTIO-1920.jpg?id=4346) !important;background-position: center !important;background-repeat: no-repeat !important;background-size: cover !important;}&#8221;][vc_column][\/vc_column][\/vc_row][vc_row css=&#8221;.vc_custom_1603353585525{padding-bottom: 20px !important;}&#8221;][vc_column width=&#8221;1\/2&#8243;][vc_single_image image=&#8221;6668&#8243; img_size=&#8221;full&#8221;][\/vc_column][vc_column width=&#8221;1\/2&#8243;][vc_raw_html]JTNDc2NyaXB0JTIwc3JjJTNEJTIyaHR0cHMlM0ElMkYlMkZqcy5oc2Zvcm1zLm5ldCUyRmZvcm1zJTJGZW1iZWQlMkY0OTMzOTA1OC5qcyUyMiUyMGRlZmVyJTNFJTNDJTJGc2NyaXB0JTNFJTBBJTNDZGl2JTIwY2xhc3MlM0QlMjJocy1mb3JtLWZyYW1lJTIyJTIwZGF0YS1yZWdpb24lM0QlMjJuYTElMjIlMjBkYXRhLWZvcm0taWQlM0QlMjIxYWFkZWEwNS02ZjdmLTQzNjAtYjUyZC05ZTk4YzBjMTFmM2MlMjIlMjBkYXRhLXBvcnRhbC1pZCUzRCUyMjQ5MzM5MDU4JTIyJTNFJTNDJTJGZGl2JTNF[\/vc_raw_html][\/vc_column][\/vc_row][vc_row fullwidth=&#8221;yes&#8221; css=&#8221;.vc_custom_1603353318703{padding-right: 80px !important;padding-left: 80px !important;background-position: center !important;background-repeat: no-repeat !important;background-size: cover !important;}&#8221;][vc_column][vc_column_text]<\/p>\n<p style=\"text-align: center;\"><span style=\"font-size: 24px; color: #000000; line-height: 32px; font-family: Open sans;\">Students have the <strong>opportunity to complement their learning with extracurricular activities<\/strong> that take place after the classes are finished. Whether it\u2019s sports: football, tennis, judo,&#8230; or even swimming during school hours.<\/span><\/p>\n<p style=\"text-align: center;\"><span style=\"font-size: 24px; color: #000000; line-height: 32px; font-family: Open sans;\"><strong>Languages l<\/strong>ike Mandarin Chinese or Music and Interpretation within Speech and Drama, anything is possible in a wide variety of activities that are offered each year <strong>according to demand. <\/strong><\/span><\/p>\n<p>[\/vc_column_text][vc_media_grid element_width=&#8221;3&#8243; gap=&#8221;10&#8243; item=&#8221;mediaGrid_ScaleWithRotation&#8221; grid_id=&#8221;vc_gid:1761254376927-8112265b-c33d-5&#8243; include=&#8221;2518,2523,2066,2071&#8243;][\/vc_column][\/vc_row]<\/p>\n<\/div>","protected":false},"excerpt":{"rendered":"<p>[vc_row fullwidth=&#8221;yes&#8221; css=&#8221;.vc_custom_1642261585964{padding-top: 15% !important;padding-bottom: 15% !important;background-image: url(https:\/\/plantiointernational.com\/wp-content\/uploads\/2022\/01\/EQUIPO-EXTRAESCOLAR-EL-PLANTIO-1920.jpg?id=4259) !important;background-position: center !important;background-repeat: no-repeat !important;background-size: cover !important;}&#8221;][vc_column][\/vc_column][\/vc_row][vc_row][vc_column][vc_custom_heading text=&#8221;Extracurricular activities&#8221; font_container=&#8221;tag:h1|font_size:50|text_align:center|color:%232d4076&#8243; google_fonts=&#8221;font_family:Open%20Sans%3A300%2C300italic%2Cregular%2Citalic%2C600%2C600italic%2C700%2C700italic%2C800%2C800italic|font_style:600%20bold%20regular%3A600%3Anormal&#8221; css_animation=&#8221;none&#8221;][\/vc_column][\/vc_row][vc_row fullwidth=&#8221;yes&#8221; css=&#8221;.vc_custom_1642261640129{padding-top: 15% !important;padding-bottom: 15% !important;background-image: url(https:\/\/plantiointernational.com\/wp-content\/uploads\/2022\/01\/CHIC0S-grupo-SPORT-EL-PLANTIO-1920.jpg?id=4346) !important;background-position: center !important;background-repeat: no-repeat !important;background-size: cover !important;}&#8221;][vc_column][\/vc_column][\/vc_row][vc_row css=&#8221;.vc_custom_1603353585525{padding-bottom: 20px !important;}&#8221;][vc_column width=&#8221;1\/2&#8243;][vc_single_image image=&#8221;6668&#8243; img_size=&#8221;full&#8221;][\/vc_column][vc_column width=&#8221;1\/2&#8243;][vc_raw_html]JTNDc2NyaXB0JTIwc3JjJTNEJTIyaHR0cHMlM0ElMkYlMkZqcy5oc2Zvcm1zLm5ldCUyRmZvcm1zJTJGZW1iZWQlMkY0OTMzOTA1OC5qcyUyMiUyMGRlZmVyJTNFJTNDJTJGc2NyaXB0JTNFJTBBJTNDZGl2JTIwY2xhc3MlM0QlMjJocy1mb3JtLWZyYW1lJTIyJTIwZGF0YS1yZWdpb24lM0QlMjJuYTElMjIlMjBkYXRhLWZvcm0taWQlM0QlMjIxYWFkZWEwNS02ZjdmLTQzNjAtYjUyZC05ZTk4YzBjMTFmM2MlMjIlMjBkYXRhLXBvcnRhbC1pZCUzRCUyMjQ5MzM5MDU4JTIyJTNFJTNDJTJGZGl2JTNF[\/vc_raw_html][\/vc_column][\/vc_row][vc_row fullwidth=&#8221;yes&#8221; css=&#8221;.vc_custom_1603353318703{padding-right: 80px !important;padding-left: 80px !important;background-position: center !important;background-repeat: no-repeat !important;background-size: cover !important;}&#8221;][vc_column][vc_column_text] Students have [&hellip;]<\/p>\n","protected":false},"author":1,"featured_media":0,"parent":0,"menu_order":0,"comment_status":"closed","ping_status":"closed","template":"page-templates\/template-canvas.php","meta":{"_monsterinsights_skip_tracking":false,"_monsterinsights_sitenote_active":false,"_monsterinsights_sitenote_note":"","_monsterinsights_sitenote_category":0,"footnotes":""},"yoast_head":"<!-- This site is optimized with the Yoast SEO plugin v22.8 - https:\/\/yoast.com\/wordpress\/plugins\/seo\/ -->\n<title>Extracurricular activities - Colegio Brit\u00e1nico El Plant\u00edo International<\/title>\n<meta name=\"robots\" content=\"index, follow, max-snippet:-1, max-image-preview:large, max-video-preview:-1\" \/>\n<link rel=\"canonical\" href=\"https:\/\/plantiointernational.com\/en\/extracurricular-activities\/\" \/>\n<meta property=\"og:locale\" content=\"en_US\" \/>\n<meta property=\"og:type\" content=\"article\" \/>\n<meta property=\"og:title\" content=\"Extracurricular activities - Colegio Brit\u00e1nico El Plant\u00edo International\" \/>\n<meta property=\"og:description\" content=\"[vc_row fullwidth=&#8221;yes&#8221; css=&#8221;.vc_custom_1642261585964{padding-top: 15% !important;padding-bottom: 15% !important;background-image: url(https:\/\/plantiointernational.com\/wp-content\/uploads\/2022\/01\/EQUIPO-EXTRAESCOLAR-EL-PLANTIO-1920.jpg?id=4259) !important;background-position: center !important;background-repeat: no-repeat !important;background-size: cover !important;}&#8221;][vc_column][\/vc_column][\/vc_row][vc_row][vc_column][vc_custom_heading text=&#8221;Extracurricular activities&#8221; font_container=&#8221;tag:h1|font_size:50|text_align:center|color:%232d4076&#8243; google_fonts=&#8221;font_family:Open%20Sans%3A300%2C300italic%2Cregular%2Citalic%2C600%2C600italic%2C700%2C700italic%2C800%2C800italic|font_style:600%20bold%20regular%3A600%3Anormal&#8221; css_animation=&#8221;none&#8221;][\/vc_column][\/vc_row][vc_row fullwidth=&#8221;yes&#8221; css=&#8221;.vc_custom_1642261640129{padding-top: 15% !important;padding-bottom: 15% !important;background-image: url(https:\/\/plantiointernational.com\/wp-content\/uploads\/2022\/01\/CHIC0S-grupo-SPORT-EL-PLANTIO-1920.jpg?id=4346) !important;background-position: center !important;background-repeat: no-repeat !important;background-size: cover !important;}&#8221;][vc_column][\/vc_column][\/vc_row][vc_row css=&#8221;.vc_custom_1603353585525{padding-bottom: 20px !important;}&#8221;][vc_column width=&#8221;1\/2&#8243;][vc_single_image image=&#8221;6668&#8243; img_size=&#8221;full&#8221;][\/vc_column][vc_column width=&#8221;1\/2&#8243;][vc_raw_html]JTNDc2NyaXB0JTIwc3JjJTNEJTIyaHR0cHMlM0ElMkYlMkZqcy5oc2Zvcm1zLm5ldCUyRmZvcm1zJTJGZW1iZWQlMkY0OTMzOTA1OC5qcyUyMiUyMGRlZmVyJTNFJTNDJTJGc2NyaXB0JTNFJTBBJTNDZGl2JTIwY2xhc3MlM0QlMjJocy1mb3JtLWZyYW1lJTIyJTIwZGF0YS1yZWdpb24lM0QlMjJuYTElMjIlMjBkYXRhLWZvcm0taWQlM0QlMjIxYWFkZWEwNS02ZjdmLTQzNjAtYjUyZC05ZTk4YzBjMTFmM2MlMjIlMjBkYXRhLXBvcnRhbC1pZCUzRCUyMjQ5MzM5MDU4JTIyJTNFJTNDJTJGZGl2JTNF[\/vc_raw_html][\/vc_column][\/vc_row][vc_row fullwidth=&#8221;yes&#8221; css=&#8221;.vc_custom_1603353318703{padding-right: 80px !important;padding-left: 80px !important;background-position: center !important;background-repeat: no-repeat !important;background-size: cover !important;}&#8221;][vc_column][vc_column_text] Students have [&hellip;]\" \/>\n<meta property=\"og:url\" content=\"https:\/\/plantiointernational.com\/en\/extracurricular-activities\/\" \/>\n<meta property=\"og:site_name\" content=\"Colegio Brit\u00e1nico El Plant\u00edo International\" \/>\n<meta property=\"article:modified_time\" content=\"2025-10-23T21:23:52+00:00\" \/>\n<meta name=\"twitter:card\" content=\"summary_large_image\" \/>\n<meta name=\"twitter:label1\" content=\"Est. reading time\" \/>\n\t<meta name=\"twitter:data1\" content=\"1 minute\" \/>\n<script type=\"application\/ld+json\" class=\"yoast-schema-graph\">{\"@context\":\"https:\/\/schema.org\",\"@graph\":[{\"@type\":\"WebPage\",\"@id\":\"https:\/\/plantiointernational.com\/en\/extracurricular-activities\/\",\"url\":\"https:\/\/plantiointernational.com\/en\/extracurricular-activities\/\",\"name\":\"Extracurricular activities - Colegio Brit\u00e1nico El Plant\u00edo International\",\"isPartOf\":{\"@id\":\"https:\/\/plantiointernational.com\/en\/#website\"},\"datePublished\":\"2021-05-26T22:52:05+00:00\",\"dateModified\":\"2025-10-23T21:23:52+00:00\",\"breadcrumb\":{\"@id\":\"https:\/\/plantiointernational.com\/en\/extracurricular-activities\/#breadcrumb\"},\"inLanguage\":\"en-US\",\"potentialAction\":[{\"@type\":\"ReadAction\",\"target\":[\"https:\/\/plantiointernational.com\/en\/extracurricular-activities\/\"]}]},{\"@type\":\"BreadcrumbList\",\"@id\":\"https:\/\/plantiointernational.com\/en\/extracurricular-activities\/#breadcrumb\",\"itemListElement\":[{\"@type\":\"ListItem\",\"position\":1,\"name\":\"Portada\",\"item\":\"https:\/\/plantiointernational.com\/en\/\"},{\"@type\":\"ListItem\",\"position\":2,\"name\":\"Extracurricular activities\"}]},{\"@type\":\"WebSite\",\"@id\":\"https:\/\/plantiointernational.com\/en\/#website\",\"url\":\"https:\/\/plantiointernational.com\/en\/\",\"name\":\"Colegio Brit\u00e1nico El Plant\u00edo International\",\"description\":\"Colegio Brit\u00e1nico en Valencia\",\"potentialAction\":[{\"@type\":\"SearchAction\",\"target\":{\"@type\":\"EntryPoint\",\"urlTemplate\":\"https:\/\/plantiointernational.com\/en\/?s={search_term_string}\"},\"query-input\":\"required name=search_term_string\"}],\"inLanguage\":\"en-US\"}]}<\/script>\n<!-- \/ Yoast SEO plugin. -->","yoast_head_json":{"title":"Extracurricular activities - Colegio Brit\u00e1nico El Plant\u00edo International","robots":{"index":"index","follow":"follow","max-snippet":"max-snippet:-1","max-image-preview":"max-image-preview:large","max-video-preview":"max-video-preview:-1"},"canonical":"https:\/\/plantiointernational.com\/en\/extracurricular-activities\/","og_locale":"en_US","og_type":"article","og_title":"Extracurricular activities - Colegio Brit\u00e1nico El Plant\u00edo International","og_description":"[vc_row fullwidth=&#8221;yes&#8221; css=&#8221;.vc_custom_1642261585964{padding-top: 15% !important;padding-bottom: 15% !important;background-image: url(https:\/\/plantiointernational.com\/wp-content\/uploads\/2022\/01\/EQUIPO-EXTRAESCOLAR-EL-PLANTIO-1920.jpg?id=4259) !important;background-position: center !important;background-repeat: no-repeat !important;background-size: cover !important;}&#8221;][vc_column][\/vc_column][\/vc_row][vc_row][vc_column][vc_custom_heading text=&#8221;Extracurricular activities&#8221; font_container=&#8221;tag:h1|font_size:50|text_align:center|color:%232d4076&#8243; google_fonts=&#8221;font_family:Open%20Sans%3A300%2C300italic%2Cregular%2Citalic%2C600%2C600italic%2C700%2C700italic%2C800%2C800italic|font_style:600%20bold%20regular%3A600%3Anormal&#8221; css_animation=&#8221;none&#8221;][\/vc_column][\/vc_row][vc_row fullwidth=&#8221;yes&#8221; css=&#8221;.vc_custom_1642261640129{padding-top: 15% !important;padding-bottom: 15% !important;background-image: url(https:\/\/plantiointernational.com\/wp-content\/uploads\/2022\/01\/CHIC0S-grupo-SPORT-EL-PLANTIO-1920.jpg?id=4346) !important;background-position: center !important;background-repeat: no-repeat !important;background-size: cover !important;}&#8221;][vc_column][\/vc_column][\/vc_row][vc_row css=&#8221;.vc_custom_1603353585525{padding-bottom: 20px !important;}&#8221;][vc_column width=&#8221;1\/2&#8243;][vc_single_image image=&#8221;6668&#8243; img_size=&#8221;full&#8221;][\/vc_column][vc_column width=&#8221;1\/2&#8243;][vc_raw_html]JTNDc2NyaXB0JTIwc3JjJTNEJTIyaHR0cHMlM0ElMkYlMkZqcy5oc2Zvcm1zLm5ldCUyRmZvcm1zJTJGZW1iZWQlMkY0OTMzOTA1OC5qcyUyMiUyMGRlZmVyJTNFJTNDJTJGc2NyaXB0JTNFJTBBJTNDZGl2JTIwY2xhc3MlM0QlMjJocy1mb3JtLWZyYW1lJTIyJTIwZGF0YS1yZWdpb24lM0QlMjJuYTElMjIlMjBkYXRhLWZvcm0taWQlM0QlMjIxYWFkZWEwNS02ZjdmLTQzNjAtYjUyZC05ZTk4YzBjMTFmM2MlMjIlMjBkYXRhLXBvcnRhbC1pZCUzRCUyMjQ5MzM5MDU4JTIyJTNFJTNDJTJGZGl2JTNF[\/vc_raw_html][\/vc_column][\/vc_row][vc_row fullwidth=&#8221;yes&#8221; css=&#8221;.vc_custom_1603353318703{padding-right: 80px !important;padding-left: 80px !important;background-position: center !important;background-repeat: no-repeat !important;background-size: cover !important;}&#8221;][vc_column][vc_column_text] Students have [&hellip;]","og_url":"https:\/\/plantiointernational.com\/en\/extracurricular-activities\/","og_site_name":"Colegio Brit\u00e1nico El Plant\u00edo International","article_modified_time":"2025-10-23T21:23:52+00:00","twitter_card":"summary_large_image","twitter_misc":{"Est. reading time":"1 minute"},"schema":{"@context":"https:\/\/schema.org","@graph":[{"@type":"WebPage","@id":"https:\/\/plantiointernational.com\/en\/extracurricular-activities\/","url":"https:\/\/plantiointernational.com\/en\/extracurricular-activities\/","name":"Extracurricular activities - Colegio Brit\u00e1nico El Plant\u00edo International","isPartOf":{"@id":"https:\/\/plantiointernational.com\/en\/#website"},"datePublished":"2021-05-26T22:52:05+00:00","dateModified":"2025-10-23T21:23:52+00:00","breadcrumb":{"@id":"https:\/\/plantiointernational.com\/en\/extracurricular-activities\/#breadcrumb"},"inLanguage":"en-US","potentialAction":[{"@type":"ReadAction","target":["https:\/\/plantiointernational.com\/en\/extracurricular-activities\/"]}]},{"@type":"BreadcrumbList","@id":"https:\/\/plantiointernational.com\/en\/extracurricular-activities\/#breadcrumb","itemListElement":[{"@type":"ListItem","position":1,"name":"Portada","item":"https:\/\/plantiointernational.com\/en\/"},{"@type":"ListItem","position":2,"name":"Extracurricular activities"}]},{"@type":"WebSite","@id":"https:\/\/plantiointernational.com\/en\/#website","url":"https:\/\/plantiointernational.com\/en\/","name":"Colegio Brit\u00e1nico El Plant\u00edo International","description":"Colegio Brit\u00e1nico en Valencia","potentialAction":[{"@type":"SearchAction","target":{"@type":"EntryPoint","urlTemplate":"https:\/\/plantiointernational.com\/en\/?s={search_term_string}"},"query-input":"required name=search_term_string"}],"inLanguage":"en-US"}]}},"_links":{"self":[{"href":"https:\/\/plantiointernational.com\/en\/wp-json\/wp\/v2\/pages\/3255"}],"collection":[{"href":"https:\/\/plantiointernational.com\/en\/wp-json\/wp\/v2\/pages"}],"about":[{"href":"https:\/\/plantiointernational.com\/en\/wp-json\/wp\/v2\/types\/page"}],"author":[{"embeddable":true,"href":"https:\/\/plantiointernational.com\/en\/wp-json\/wp\/v2\/users\/1"}],"replies":[{"embeddable":true,"href":"https:\/\/plantiointernational.com\/en\/wp-json\/wp\/v2\/comments?post=3255"}],"version-history":[{"count":10,"href":"https:\/\/plantiointernational.com\/en\/wp-json\/wp\/v2\/pages\/3255\/revisions"}],"predecessor-version":[{"id":6670,"href":"https:\/\/plantiointernational.com\/en\/wp-json\/wp\/v2\/pages\/3255\/revisions\/6670"}],"wp:attachment":[{"href":"https:\/\/plantiointernational.com\/en\/wp-json\/wp\/v2\/media?parent=3255"}],"curies":[{"name":"wp","href":"https:\/\/api.w.org\/{rel}","templated":true}]}}