{"id":3243,"date":"2021-05-26T22:37:47","date_gmt":"2021-05-26T22:37:47","guid":{"rendered":"https:\/\/prueba.plantiointernational.com\/library\/"},"modified":"2022-01-15T15:10:51","modified_gmt":"2022-01-15T15:10:51","slug":"library","status":"publish","type":"page","link":"https:\/\/plantiointernational.com\/en\/library\/","title":{"rendered":"Library"},"content":{"rendered":"<div class=\"wpb-content-wrapper\"><p>[vc_row fullwidth=&#8221;yes&#8221; css=&#8221;.vc_custom_1642259412749{padding-top: 15% !important;padding-bottom: 15% !important;background-image: url(https:\/\/plantiointernational.com\/wp-content\/uploads\/2022\/01\/JOVENES-2-BIBLIOTECA-COLEGIO-EL-PLANTIO-1920.jpg?id=4363) !important;background-position: center !important;background-repeat: no-repeat !important;background-size: cover !important;}&#8221;][vc_column][\/vc_column][\/vc_row][vc_row][vc_column][vc_custom_heading text=&#8221;Library&#8221; font_container=&#8221;tag:h1|font_size:50|text_align:center|color:%232d4076&#8243; google_fonts=&#8221;font_family:Open%20Sans%3A300%2C300italic%2Cregular%2Citalic%2C600%2C600italic%2C700%2C700italic%2C800%2C800italic|font_style:600%20bold%20regular%3A600%3Anormal&#8221; css_animation=&#8221;none&#8221;][\/vc_column][\/vc_row][vc_row fullwidth=&#8221;yes&#8221; css=&#8221;.vc_custom_1642259440291{padding-top: 15% !important;padding-bottom: 15% !important;background-image: url(https:\/\/plantiointernational.com\/wp-content\/uploads\/2022\/01\/LIBROS-BIBLIOTECA-EL-PLANTIO-1920.jpg?id=4365) !important;background-position: center !important;background-repeat: no-repeat !important;background-size: cover !important;}&#8221;][vc_column][\/vc_column][\/vc_row][vc_row css=&#8221;.vc_custom_1603349046471{padding-bottom: 20px !important;}&#8221;][vc_column][vc_column_text]<\/p>\n<p style=\"text-align: center;\"><span style=\"font-size: 24px; color: #000000; line-height: 32px; font-family: Open sans;\"><strong>El Plantio ISV<\/strong> has a <strong>library with more than three thousand books<\/strong> and other relevant publications which are available <strong>to students for consultation<\/strong>, investigations and reading.<\/span><\/p>\n<p style=\"text-align: center;\"><span style=\"font-size: 24px; color: #000000; line-height: 32px; font-family: Open sans;\">This space is also <strong>used as a study area<\/strong> by the older students.<\/span><\/p>\n<p>[\/vc_column_text][\/vc_column][\/vc_row][vc_row fullwidth=&#8221;yes&#8221; css=&#8221;.vc_custom_1603348769757{padding-right: 80px !important;padding-left: 80px !important;background-position: center !important;background-repeat: no-repeat !important;background-size: cover !important;}&#8221;][vc_column][vc_media_grid element_width=&#8221;3&#8243; gap=&#8221;10&#8243; item=&#8221;mediaGrid_ScaleWithRotation&#8221; grid_id=&#8221;vc_gid:1642259374165-781e4bc5-1126-1&#8243; include=&#8221;1988,1993,1998,2003&#8243;][\/vc_column][\/vc_row]<\/p>\n<\/div>","protected":false},"excerpt":{"rendered":"<p>[vc_row fullwidth=&#8221;yes&#8221; css=&#8221;.vc_custom_1642259412749{padding-top: 15% !important;padding-bottom: 15% !important;background-image: url(https:\/\/plantiointernational.com\/wp-content\/uploads\/2022\/01\/JOVENES-2-BIBLIOTECA-COLEGIO-EL-PLANTIO-1920.jpg?id=4363) !important;background-position: center !important;background-repeat: no-repeat !important;background-size: cover !important;}&#8221;][vc_column][\/vc_column][\/vc_row][vc_row][vc_column][vc_custom_heading text=&#8221;Library&#8221; font_container=&#8221;tag:h1|font_size:50|text_align:center|color:%232d4076&#8243; google_fonts=&#8221;font_family:Open%20Sans%3A300%2C300italic%2Cregular%2Citalic%2C600%2C600italic%2C700%2C700italic%2C800%2C800italic|font_style:600%20bold%20regular%3A600%3Anormal&#8221; css_animation=&#8221;none&#8221;][\/vc_column][\/vc_row][vc_row fullwidth=&#8221;yes&#8221; css=&#8221;.vc_custom_1642259440291{padding-top: 15% !important;padding-bottom: 15% !important;background-image: url(https:\/\/plantiointernational.com\/wp-content\/uploads\/2022\/01\/LIBROS-BIBLIOTECA-EL-PLANTIO-1920.jpg?id=4365) !important;background-position: center !important;background-repeat: no-repeat !important;background-size: cover !important;}&#8221;][vc_column][\/vc_column][\/vc_row][vc_row css=&#8221;.vc_custom_1603349046471{padding-bottom: 20px !important;}&#8221;][vc_column][vc_column_text] El Plantio ISV has a library with more than three thousand books and other relevant publications which are available [&hellip;]<\/p>\n","protected":false},"author":1,"featured_media":0,"parent":0,"menu_order":0,"comment_status":"closed","ping_status":"closed","template":"page-templates\/template-canvas.php","meta":{"_monsterinsights_skip_tracking":false,"_monsterinsights_sitenote_active":false,"_monsterinsights_sitenote_note":"","_monsterinsights_sitenote_category":0,"footnotes":""},"yoast_head":"<!-- This site is optimized with the Yoast SEO plugin v22.8 - https:\/\/yoast.com\/wordpress\/plugins\/seo\/ -->\n<title>Library - Colegio Brit\u00e1nico El Plant\u00edo International<\/title>\n<meta name=\"robots\" content=\"index, follow, max-snippet:-1, max-image-preview:large, max-video-preview:-1\" \/>\n<link rel=\"canonical\" href=\"https:\/\/plantiointernational.com\/en\/library\/\" \/>\n<meta property=\"og:locale\" content=\"en_US\" \/>\n<meta property=\"og:type\" content=\"article\" \/>\n<meta property=\"og:title\" content=\"Library - Colegio Brit\u00e1nico El Plant\u00edo International\" \/>\n<meta property=\"og:description\" content=\"[vc_row fullwidth=&#8221;yes&#8221; css=&#8221;.vc_custom_1642259412749{padding-top: 15% !important;padding-bottom: 15% !important;background-image: url(https:\/\/plantiointernational.com\/wp-content\/uploads\/2022\/01\/JOVENES-2-BIBLIOTECA-COLEGIO-EL-PLANTIO-1920.jpg?id=4363) !important;background-position: center !important;background-repeat: no-repeat !important;background-size: cover !important;}&#8221;][vc_column][\/vc_column][\/vc_row][vc_row][vc_column][vc_custom_heading text=&#8221;Library&#8221; font_container=&#8221;tag:h1|font_size:50|text_align:center|color:%232d4076&#8243; google_fonts=&#8221;font_family:Open%20Sans%3A300%2C300italic%2Cregular%2Citalic%2C600%2C600italic%2C700%2C700italic%2C800%2C800italic|font_style:600%20bold%20regular%3A600%3Anormal&#8221; css_animation=&#8221;none&#8221;][\/vc_column][\/vc_row][vc_row fullwidth=&#8221;yes&#8221; css=&#8221;.vc_custom_1642259440291{padding-top: 15% !important;padding-bottom: 15% !important;background-image: url(https:\/\/plantiointernational.com\/wp-content\/uploads\/2022\/01\/LIBROS-BIBLIOTECA-EL-PLANTIO-1920.jpg?id=4365) !important;background-position: center !important;background-repeat: no-repeat !important;background-size: cover !important;}&#8221;][vc_column][\/vc_column][\/vc_row][vc_row css=&#8221;.vc_custom_1603349046471{padding-bottom: 20px !important;}&#8221;][vc_column][vc_column_text] El Plantio ISV has a library with more than three thousand books and other relevant publications which are available [&hellip;]\" \/>\n<meta property=\"og:url\" content=\"https:\/\/plantiointernational.com\/en\/library\/\" \/>\n<meta property=\"og:site_name\" content=\"Colegio Brit\u00e1nico El Plant\u00edo International\" \/>\n<meta property=\"article:modified_time\" content=\"2022-01-15T15:10:51+00:00\" \/>\n<meta name=\"twitter:card\" content=\"summary_large_image\" \/>\n<meta name=\"twitter:label1\" content=\"Est. reading time\" \/>\n\t<meta name=\"twitter:data1\" content=\"1 minute\" \/>\n<script type=\"application\/ld+json\" class=\"yoast-schema-graph\">{\"@context\":\"https:\/\/schema.org\",\"@graph\":[{\"@type\":\"WebPage\",\"@id\":\"https:\/\/plantiointernational.com\/en\/library\/\",\"url\":\"https:\/\/plantiointernational.com\/en\/library\/\",\"name\":\"Library - Colegio Brit\u00e1nico El Plant\u00edo International\",\"isPartOf\":{\"@id\":\"https:\/\/plantiointernational.com\/en\/#website\"},\"datePublished\":\"2021-05-26T22:37:47+00:00\",\"dateModified\":\"2022-01-15T15:10:51+00:00\",\"breadcrumb\":{\"@id\":\"https:\/\/plantiointernational.com\/en\/library\/#breadcrumb\"},\"inLanguage\":\"en-US\",\"potentialAction\":[{\"@type\":\"ReadAction\",\"target\":[\"https:\/\/plantiointernational.com\/en\/library\/\"]}]},{\"@type\":\"BreadcrumbList\",\"@id\":\"https:\/\/plantiointernational.com\/en\/library\/#breadcrumb\",\"itemListElement\":[{\"@type\":\"ListItem\",\"position\":1,\"name\":\"Portada\",\"item\":\"https:\/\/plantiointernational.com\/en\/\"},{\"@type\":\"ListItem\",\"position\":2,\"name\":\"Library\"}]},{\"@type\":\"WebSite\",\"@id\":\"https:\/\/plantiointernational.com\/en\/#website\",\"url\":\"https:\/\/plantiointernational.com\/en\/\",\"name\":\"Colegio Brit\u00e1nico El Plant\u00edo International\",\"description\":\"Colegio Brit\u00e1nico en Valencia\",\"potentialAction\":[{\"@type\":\"SearchAction\",\"target\":{\"@type\":\"EntryPoint\",\"urlTemplate\":\"https:\/\/plantiointernational.com\/en\/?s={search_term_string}\"},\"query-input\":\"required name=search_term_string\"}],\"inLanguage\":\"en-US\"}]}<\/script>\n<!-- \/ Yoast SEO plugin. -->","yoast_head_json":{"title":"Library - Colegio Brit\u00e1nico El Plant\u00edo International","robots":{"index":"index","follow":"follow","max-snippet":"max-snippet:-1","max-image-preview":"max-image-preview:large","max-video-preview":"max-video-preview:-1"},"canonical":"https:\/\/plantiointernational.com\/en\/library\/","og_locale":"en_US","og_type":"article","og_title":"Library - Colegio Brit\u00e1nico El Plant\u00edo International","og_description":"[vc_row fullwidth=&#8221;yes&#8221; css=&#8221;.vc_custom_1642259412749{padding-top: 15% !important;padding-bottom: 15% !important;background-image: url(https:\/\/plantiointernational.com\/wp-content\/uploads\/2022\/01\/JOVENES-2-BIBLIOTECA-COLEGIO-EL-PLANTIO-1920.jpg?id=4363) !important;background-position: center !important;background-repeat: no-repeat !important;background-size: cover !important;}&#8221;][vc_column][\/vc_column][\/vc_row][vc_row][vc_column][vc_custom_heading text=&#8221;Library&#8221; font_container=&#8221;tag:h1|font_size:50|text_align:center|color:%232d4076&#8243; google_fonts=&#8221;font_family:Open%20Sans%3A300%2C300italic%2Cregular%2Citalic%2C600%2C600italic%2C700%2C700italic%2C800%2C800italic|font_style:600%20bold%20regular%3A600%3Anormal&#8221; css_animation=&#8221;none&#8221;][\/vc_column][\/vc_row][vc_row fullwidth=&#8221;yes&#8221; css=&#8221;.vc_custom_1642259440291{padding-top: 15% !important;padding-bottom: 15% !important;background-image: url(https:\/\/plantiointernational.com\/wp-content\/uploads\/2022\/01\/LIBROS-BIBLIOTECA-EL-PLANTIO-1920.jpg?id=4365) !important;background-position: center !important;background-repeat: no-repeat !important;background-size: cover !important;}&#8221;][vc_column][\/vc_column][\/vc_row][vc_row css=&#8221;.vc_custom_1603349046471{padding-bottom: 20px !important;}&#8221;][vc_column][vc_column_text] El Plantio ISV has a library with more than three thousand books and other relevant publications which are available [&hellip;]","og_url":"https:\/\/plantiointernational.com\/en\/library\/","og_site_name":"Colegio Brit\u00e1nico El Plant\u00edo International","article_modified_time":"2022-01-15T15:10:51+00:00","twitter_card":"summary_large_image","twitter_misc":{"Est. reading time":"1 minute"},"schema":{"@context":"https:\/\/schema.org","@graph":[{"@type":"WebPage","@id":"https:\/\/plantiointernational.com\/en\/library\/","url":"https:\/\/plantiointernational.com\/en\/library\/","name":"Library - Colegio Brit\u00e1nico El Plant\u00edo International","isPartOf":{"@id":"https:\/\/plantiointernational.com\/en\/#website"},"datePublished":"2021-05-26T22:37:47+00:00","dateModified":"2022-01-15T15:10:51+00:00","breadcrumb":{"@id":"https:\/\/plantiointernational.com\/en\/library\/#breadcrumb"},"inLanguage":"en-US","potentialAction":[{"@type":"ReadAction","target":["https:\/\/plantiointernational.com\/en\/library\/"]}]},{"@type":"BreadcrumbList","@id":"https:\/\/plantiointernational.com\/en\/library\/#breadcrumb","itemListElement":[{"@type":"ListItem","position":1,"name":"Portada","item":"https:\/\/plantiointernational.com\/en\/"},{"@type":"ListItem","position":2,"name":"Library"}]},{"@type":"WebSite","@id":"https:\/\/plantiointernational.com\/en\/#website","url":"https:\/\/plantiointernational.com\/en\/","name":"Colegio Brit\u00e1nico El Plant\u00edo International","description":"Colegio Brit\u00e1nico en Valencia","potentialAction":[{"@type":"SearchAction","target":{"@type":"EntryPoint","urlTemplate":"https:\/\/plantiointernational.com\/en\/?s={search_term_string}"},"query-input":"required name=search_term_string"}],"inLanguage":"en-US"}]}},"_links":{"self":[{"href":"https:\/\/plantiointernational.com\/en\/wp-json\/wp\/v2\/pages\/3243"}],"collection":[{"href":"https:\/\/plantiointernational.com\/en\/wp-json\/wp\/v2\/pages"}],"about":[{"href":"https:\/\/plantiointernational.com\/en\/wp-json\/wp\/v2\/types\/page"}],"author":[{"embeddable":true,"href":"https:\/\/plantiointernational.com\/en\/wp-json\/wp\/v2\/users\/1"}],"replies":[{"embeddable":true,"href":"https:\/\/plantiointernational.com\/en\/wp-json\/wp\/v2\/comments?post=3243"}],"version-history":[{"count":6,"href":"https:\/\/plantiointernational.com\/en\/wp-json\/wp\/v2\/pages\/3243\/revisions"}],"predecessor-version":[{"id":4368,"href":"https:\/\/plantiointernational.com\/en\/wp-json\/wp\/v2\/pages\/3243\/revisions\/4368"}],"wp:attachment":[{"href":"https:\/\/plantiointernational.com\/en\/wp-json\/wp\/v2\/media?parent=3243"}],"curies":[{"name":"wp","href":"https:\/\/api.w.org\/{rel}","templated":true}]}}