{"id":3238,"date":"2021-05-26T22:25:10","date_gmt":"2021-05-26T22:25:10","guid":{"rendered":"https:\/\/prueba.plantiointernational.com\/investigation\/"},"modified":"2022-01-15T14:58:32","modified_gmt":"2022-01-15T14:58:32","slug":"investigation","status":"publish","type":"page","link":"https:\/\/plantiointernational.com\/en\/investigation\/","title":{"rendered":"Investigation"},"content":{"rendered":"<div class=\"wpb-content-wrapper\"><p>[vc_row fullwidth=&#8221;yes&#8221; css=&#8221;.vc_custom_1642258676255{padding-top: 15% !important;padding-bottom: 15% !important;background-image: url(https:\/\/plantiointernational.com\/wp-content\/uploads\/2022\/01\/EQUIPO-LABORATORIO-EL-PLANTIO-1920.jpg?id=4251) !important;background-position: center !important;background-repeat: no-repeat !important;background-size: cover !important;}&#8221;][vc_column][\/vc_column][\/vc_row][vc_row][vc_column][vc_custom_heading text=&#8221;Investigation&#8221; font_container=&#8221;tag:h1|font_size:50|text_align:center|color:%232d4076&#8243; google_fonts=&#8221;font_family:Open%20Sans%3A300%2C300italic%2Cregular%2Citalic%2C600%2C600italic%2C700%2C700italic%2C800%2C800italic|font_style:600%20bold%20regular%3A600%3Anormal&#8221; css_animation=&#8221;none&#8221;][\/vc_column][\/vc_row][vc_row fullwidth=&#8221;yes&#8221; css=&#8221;.vc_custom_1642258707524{padding-top: 15% !important;padding-bottom: 15% !important;background-image: url(https:\/\/plantiointernational.com\/wp-content\/uploads\/2022\/01\/CHICOS-LABORATORIO-EL-PLANTIO-1920.jpg?id=4358) !important;background-position: center !important;background-repeat: no-repeat !important;background-size: cover !important;}&#8221;][vc_column][\/vc_column][\/vc_row][vc_row css=&#8221;.vc_custom_1603292728654{padding-bottom: 20px !important;}&#8221;][vc_column][vc_column_text]<\/p>\n<p style=\"text-align: center;\"><span style=\"font-size: 24px; color: #000000; line-height: 32px; font-family: Open sans;\">Discovering from observation, research, exchange of ideas and reflection. Be an active part and not simply observers of the learning process itself.<\/span><\/p>\n<p style=\"text-align: center;\"><span style=\"font-size: 24px; color: #000000; line-height: 32px; font-family: Open sans;\">This is what <strong>we teach our students in all areas and we complement<\/strong> it with strategies that encourage reflection and critical thinking, essential skills in this age of instant access to information.<\/span><\/p>\n<p>[\/vc_column_text][\/vc_column][\/vc_row][vc_row fullwidth=&#8221;yes&#8221; css=&#8221;.vc_custom_1603292461645{padding-right: 80px !important;padding-left: 80px !important;background-position: center !important;background-repeat: no-repeat !important;background-size: cover !important;}&#8221;][vc_column][vc_media_grid element_width=&#8221;3&#8243; gap=&#8221;10&#8243; item=&#8221;mediaGrid_ScaleWithRotation&#8221; grid_id=&#8221;vc_gid:1642258636463-a5b5ba0b-57fc-9&#8243; include=&#8221;2633,1959,1964,1969&#8243;][\/vc_column][\/vc_row]<\/p>\n<\/div>","protected":false},"excerpt":{"rendered":"<p>[vc_row fullwidth=&#8221;yes&#8221; css=&#8221;.vc_custom_1642258676255{padding-top: 15% !important;padding-bottom: 15% !important;background-image: url(https:\/\/plantiointernational.com\/wp-content\/uploads\/2022\/01\/EQUIPO-LABORATORIO-EL-PLANTIO-1920.jpg?id=4251) !important;background-position: center !important;background-repeat: no-repeat !important;background-size: cover !important;}&#8221;][vc_column][\/vc_column][\/vc_row][vc_row][vc_column][vc_custom_heading text=&#8221;Investigation&#8221; font_container=&#8221;tag:h1|font_size:50|text_align:center|color:%232d4076&#8243; google_fonts=&#8221;font_family:Open%20Sans%3A300%2C300italic%2Cregular%2Citalic%2C600%2C600italic%2C700%2C700italic%2C800%2C800italic|font_style:600%20bold%20regular%3A600%3Anormal&#8221; css_animation=&#8221;none&#8221;][\/vc_column][\/vc_row][vc_row fullwidth=&#8221;yes&#8221; css=&#8221;.vc_custom_1642258707524{padding-top: 15% !important;padding-bottom: 15% !important;background-image: url(https:\/\/plantiointernational.com\/wp-content\/uploads\/2022\/01\/CHICOS-LABORATORIO-EL-PLANTIO-1920.jpg?id=4358) !important;background-position: center !important;background-repeat: no-repeat !important;background-size: cover !important;}&#8221;][vc_column][\/vc_column][\/vc_row][vc_row css=&#8221;.vc_custom_1603292728654{padding-bottom: 20px !important;}&#8221;][vc_column][vc_column_text] Discovering from observation, research, exchange of ideas and reflection. Be an active part and not simply observers of the [&hellip;]<\/p>\n","protected":false},"author":1,"featured_media":0,"parent":0,"menu_order":0,"comment_status":"closed","ping_status":"closed","template":"page-templates\/template-canvas.php","meta":{"_monsterinsights_skip_tracking":false,"_monsterinsights_sitenote_active":false,"_monsterinsights_sitenote_note":"","_monsterinsights_sitenote_category":0,"footnotes":""},"yoast_head":"<!-- This site is optimized with the Yoast SEO plugin v22.8 - https:\/\/yoast.com\/wordpress\/plugins\/seo\/ -->\n<title>Investigation - Colegio Brit\u00e1nico El Plant\u00edo International<\/title>\n<meta name=\"robots\" content=\"index, follow, max-snippet:-1, max-image-preview:large, max-video-preview:-1\" \/>\n<link rel=\"canonical\" href=\"https:\/\/plantiointernational.com\/en\/investigation\/\" \/>\n<meta property=\"og:locale\" content=\"en_US\" \/>\n<meta property=\"og:type\" content=\"article\" \/>\n<meta property=\"og:title\" content=\"Investigation - Colegio Brit\u00e1nico El Plant\u00edo International\" \/>\n<meta property=\"og:description\" content=\"[vc_row fullwidth=&#8221;yes&#8221; css=&#8221;.vc_custom_1642258676255{padding-top: 15% !important;padding-bottom: 15% !important;background-image: url(https:\/\/plantiointernational.com\/wp-content\/uploads\/2022\/01\/EQUIPO-LABORATORIO-EL-PLANTIO-1920.jpg?id=4251) !important;background-position: center !important;background-repeat: no-repeat !important;background-size: cover !important;}&#8221;][vc_column][\/vc_column][\/vc_row][vc_row][vc_column][vc_custom_heading text=&#8221;Investigation&#8221; font_container=&#8221;tag:h1|font_size:50|text_align:center|color:%232d4076&#8243; google_fonts=&#8221;font_family:Open%20Sans%3A300%2C300italic%2Cregular%2Citalic%2C600%2C600italic%2C700%2C700italic%2C800%2C800italic|font_style:600%20bold%20regular%3A600%3Anormal&#8221; css_animation=&#8221;none&#8221;][\/vc_column][\/vc_row][vc_row fullwidth=&#8221;yes&#8221; css=&#8221;.vc_custom_1642258707524{padding-top: 15% !important;padding-bottom: 15% !important;background-image: url(https:\/\/plantiointernational.com\/wp-content\/uploads\/2022\/01\/CHICOS-LABORATORIO-EL-PLANTIO-1920.jpg?id=4358) !important;background-position: center !important;background-repeat: no-repeat !important;background-size: cover !important;}&#8221;][vc_column][\/vc_column][\/vc_row][vc_row css=&#8221;.vc_custom_1603292728654{padding-bottom: 20px !important;}&#8221;][vc_column][vc_column_text] Discovering from observation, research, exchange of ideas and reflection. Be an active part and not simply observers of the [&hellip;]\" \/>\n<meta property=\"og:url\" content=\"https:\/\/plantiointernational.com\/en\/investigation\/\" \/>\n<meta property=\"og:site_name\" content=\"Colegio Brit\u00e1nico El Plant\u00edo International\" \/>\n<meta property=\"article:modified_time\" content=\"2022-01-15T14:58:32+00:00\" \/>\n<meta name=\"twitter:card\" content=\"summary_large_image\" \/>\n<meta name=\"twitter:label1\" content=\"Est. reading time\" \/>\n\t<meta name=\"twitter:data1\" content=\"1 minute\" \/>\n<script type=\"application\/ld+json\" class=\"yoast-schema-graph\">{\"@context\":\"https:\/\/schema.org\",\"@graph\":[{\"@type\":\"WebPage\",\"@id\":\"https:\/\/plantiointernational.com\/en\/investigation\/\",\"url\":\"https:\/\/plantiointernational.com\/en\/investigation\/\",\"name\":\"Investigation - Colegio Brit\u00e1nico El Plant\u00edo International\",\"isPartOf\":{\"@id\":\"https:\/\/plantiointernational.com\/en\/#website\"},\"datePublished\":\"2021-05-26T22:25:10+00:00\",\"dateModified\":\"2022-01-15T14:58:32+00:00\",\"breadcrumb\":{\"@id\":\"https:\/\/plantiointernational.com\/en\/investigation\/#breadcrumb\"},\"inLanguage\":\"en-US\",\"potentialAction\":[{\"@type\":\"ReadAction\",\"target\":[\"https:\/\/plantiointernational.com\/en\/investigation\/\"]}]},{\"@type\":\"BreadcrumbList\",\"@id\":\"https:\/\/plantiointernational.com\/en\/investigation\/#breadcrumb\",\"itemListElement\":[{\"@type\":\"ListItem\",\"position\":1,\"name\":\"Portada\",\"item\":\"https:\/\/plantiointernational.com\/en\/\"},{\"@type\":\"ListItem\",\"position\":2,\"name\":\"Investigation\"}]},{\"@type\":\"WebSite\",\"@id\":\"https:\/\/plantiointernational.com\/en\/#website\",\"url\":\"https:\/\/plantiointernational.com\/en\/\",\"name\":\"Colegio Brit\u00e1nico El Plant\u00edo International\",\"description\":\"Colegio Brit\u00e1nico en Valencia\",\"potentialAction\":[{\"@type\":\"SearchAction\",\"target\":{\"@type\":\"EntryPoint\",\"urlTemplate\":\"https:\/\/plantiointernational.com\/en\/?s={search_term_string}\"},\"query-input\":\"required name=search_term_string\"}],\"inLanguage\":\"en-US\"}]}<\/script>\n<!-- \/ Yoast SEO plugin. -->","yoast_head_json":{"title":"Investigation - Colegio Brit\u00e1nico El Plant\u00edo International","robots":{"index":"index","follow":"follow","max-snippet":"max-snippet:-1","max-image-preview":"max-image-preview:large","max-video-preview":"max-video-preview:-1"},"canonical":"https:\/\/plantiointernational.com\/en\/investigation\/","og_locale":"en_US","og_type":"article","og_title":"Investigation - Colegio Brit\u00e1nico El Plant\u00edo International","og_description":"[vc_row fullwidth=&#8221;yes&#8221; css=&#8221;.vc_custom_1642258676255{padding-top: 15% !important;padding-bottom: 15% !important;background-image: url(https:\/\/plantiointernational.com\/wp-content\/uploads\/2022\/01\/EQUIPO-LABORATORIO-EL-PLANTIO-1920.jpg?id=4251) !important;background-position: center !important;background-repeat: no-repeat !important;background-size: cover !important;}&#8221;][vc_column][\/vc_column][\/vc_row][vc_row][vc_column][vc_custom_heading text=&#8221;Investigation&#8221; font_container=&#8221;tag:h1|font_size:50|text_align:center|color:%232d4076&#8243; google_fonts=&#8221;font_family:Open%20Sans%3A300%2C300italic%2Cregular%2Citalic%2C600%2C600italic%2C700%2C700italic%2C800%2C800italic|font_style:600%20bold%20regular%3A600%3Anormal&#8221; css_animation=&#8221;none&#8221;][\/vc_column][\/vc_row][vc_row fullwidth=&#8221;yes&#8221; css=&#8221;.vc_custom_1642258707524{padding-top: 15% !important;padding-bottom: 15% !important;background-image: url(https:\/\/plantiointernational.com\/wp-content\/uploads\/2022\/01\/CHICOS-LABORATORIO-EL-PLANTIO-1920.jpg?id=4358) !important;background-position: center !important;background-repeat: no-repeat !important;background-size: cover !important;}&#8221;][vc_column][\/vc_column][\/vc_row][vc_row css=&#8221;.vc_custom_1603292728654{padding-bottom: 20px !important;}&#8221;][vc_column][vc_column_text] Discovering from observation, research, exchange of ideas and reflection. Be an active part and not simply observers of the [&hellip;]","og_url":"https:\/\/plantiointernational.com\/en\/investigation\/","og_site_name":"Colegio Brit\u00e1nico El Plant\u00edo International","article_modified_time":"2022-01-15T14:58:32+00:00","twitter_card":"summary_large_image","twitter_misc":{"Est. reading time":"1 minute"},"schema":{"@context":"https:\/\/schema.org","@graph":[{"@type":"WebPage","@id":"https:\/\/plantiointernational.com\/en\/investigation\/","url":"https:\/\/plantiointernational.com\/en\/investigation\/","name":"Investigation - Colegio Brit\u00e1nico El Plant\u00edo International","isPartOf":{"@id":"https:\/\/plantiointernational.com\/en\/#website"},"datePublished":"2021-05-26T22:25:10+00:00","dateModified":"2022-01-15T14:58:32+00:00","breadcrumb":{"@id":"https:\/\/plantiointernational.com\/en\/investigation\/#breadcrumb"},"inLanguage":"en-US","potentialAction":[{"@type":"ReadAction","target":["https:\/\/plantiointernational.com\/en\/investigation\/"]}]},{"@type":"BreadcrumbList","@id":"https:\/\/plantiointernational.com\/en\/investigation\/#breadcrumb","itemListElement":[{"@type":"ListItem","position":1,"name":"Portada","item":"https:\/\/plantiointernational.com\/en\/"},{"@type":"ListItem","position":2,"name":"Investigation"}]},{"@type":"WebSite","@id":"https:\/\/plantiointernational.com\/en\/#website","url":"https:\/\/plantiointernational.com\/en\/","name":"Colegio Brit\u00e1nico El Plant\u00edo International","description":"Colegio Brit\u00e1nico en Valencia","potentialAction":[{"@type":"SearchAction","target":{"@type":"EntryPoint","urlTemplate":"https:\/\/plantiointernational.com\/en\/?s={search_term_string}"},"query-input":"required name=search_term_string"}],"inLanguage":"en-US"}]}},"_links":{"self":[{"href":"https:\/\/plantiointernational.com\/en\/wp-json\/wp\/v2\/pages\/3238"}],"collection":[{"href":"https:\/\/plantiointernational.com\/en\/wp-json\/wp\/v2\/pages"}],"about":[{"href":"https:\/\/plantiointernational.com\/en\/wp-json\/wp\/v2\/types\/page"}],"author":[{"embeddable":true,"href":"https:\/\/plantiointernational.com\/en\/wp-json\/wp\/v2\/users\/1"}],"replies":[{"embeddable":true,"href":"https:\/\/plantiointernational.com\/en\/wp-json\/wp\/v2\/comments?post=3238"}],"version-history":[{"count":6,"href":"https:\/\/plantiointernational.com\/en\/wp-json\/wp\/v2\/pages\/3238\/revisions"}],"predecessor-version":[{"id":4361,"href":"https:\/\/plantiointernational.com\/en\/wp-json\/wp\/v2\/pages\/3238\/revisions\/4361"}],"wp:attachment":[{"href":"https:\/\/plantiointernational.com\/en\/wp-json\/wp\/v2\/media?parent=3238"}],"curies":[{"name":"wp","href":"https:\/\/api.w.org\/{rel}","templated":true}]}}