{"id":3231,"date":"2021-05-26T22:08:54","date_gmt":"2021-05-26T22:08:54","guid":{"rendered":"https:\/\/prueba.plantiointernational.com\/dining-room\/"},"modified":"2022-11-01T22:38:43","modified_gmt":"2022-11-01T22:38:43","slug":"dining-room","status":"publish","type":"page","link":"https:\/\/plantiointernational.com\/en\/dining-room\/","title":{"rendered":"Dining room"},"content":{"rendered":"<div class=\"wpb-content-wrapper\"><p>[vc_row fullwidth=&#8221;yes&#8221; css=&#8221;.vc_custom_1642258155441{padding-top: 15% !important;padding-bottom: 15% !important;background-image: url(https:\/\/plantiointernational.com\/wp-content\/uploads\/2022\/01\/COMEDOR-EL-PLANTIO-1920.jpg?id=4350) !important;background-position: center !important;background-repeat: no-repeat !important;background-size: cover !important;}&#8221;][vc_column][\/vc_column][\/vc_row][vc_row][vc_column][vc_custom_heading text=&#8221;Dining room&#8221; font_container=&#8221;tag:h1|font_size:50|text_align:center|color:%232d4076&#8243; google_fonts=&#8221;font_family:Open%20Sans%3A300%2C300italic%2Cregular%2Citalic%2C600%2C600italic%2C700%2C700italic%2C800%2C800italic|font_style:600%20bold%20regular%3A600%3Anormal&#8221; css_animation=&#8221;none&#8221; css=&#8221;.vc_custom_1633861799678{padding-bottom: 40px !important;}&#8221;][vc_row_inner][vc_column_inner width=&#8221;1\/4&#8243;][\/vc_column_inner][vc_column_inner width=&#8221;1\/4&#8243;][vc_single_image image=&#8221;3069&#8243; img_size=&#8221;full&#8221; alignment=&#8221;center&#8221; onclick=&#8221;custom_link&#8221; img_link_target=&#8221;_blank&#8221; css_animation=&#8221;none&#8221; link=&#8221;https:\/\/plantiointernational.com\/en\/nutrition\/&#8221;][\/vc_column_inner][vc_column_inner width=&#8221;1\/4&#8243;][vc_single_image image=&#8221;4523&#8243; img_size=&#8221;full&#8221; alignment=&#8221;center&#8221; onclick=&#8221;custom_link&#8221; img_link_target=&#8221;_blank&#8221; css_animation=&#8221;none&#8221; link=&#8221;https:\/\/plantiointernational.com\/en\/nutrition\/&#8221;][\/vc_column_inner][vc_column_inner width=&#8221;1\/4&#8243;][\/vc_column_inner][\/vc_row_inner][\/vc_column][\/vc_row][vc_row fullwidth=&#8221;yes&#8221; css=&#8221;.vc_custom_1642258181579{padding-top: 15% !important;padding-bottom: 15% !important;background-image: url(https:\/\/plantiointernational.com\/wp-content\/uploads\/2022\/01\/CHIC0S-COMEDOR-EL-PLANTIO-1920.jpg?id=4352) !important;background-position: center !important;background-repeat: no-repeat !important;background-size: cover !important;}&#8221;][vc_column][\/vc_column][\/vc_row][vc_row css=&#8221;.vc_custom_1603289636538{padding-bottom: 20px !important;}&#8221;][vc_column][vc_custom_heading text=&#8221;Every day, teaching positive values and enabling children to develop as responsible young people.&#8221; font_container=&#8221;tag:h1|font_size:50|text_align:center|color:%232d4076&#8243; google_fonts=&#8221;font_family:Open%20Sans%3A300%2C300italic%2Cregular%2Citalic%2C600%2C600italic%2C700%2C700italic%2C800%2C800italic|font_style:600%20bold%20regular%3A600%3Anormal&#8221; css_animation=&#8221;none&#8221;][vc_separator color=&#8221;custom&#8221; style=&#8221;dashed&#8221; border_width=&#8221;3&#8243; el_width=&#8221;50&#8243; accent_color=&#8221;#e6323b&#8221; css=&#8221;.vc_custom_1603289180010{padding-top: 30px !important;padding-bottom: 30px !important;}&#8221;][vc_column_text]<\/p>\n<p style=\"text-align: center;\"><span style=\"font-size: 24px; color: #000000; line-height: 32px; font-family: Open sans;\">The school has a <strong>dining room and on site kitchen<\/strong>. This allows us to oversee <strong>the quality of the meals and adapt<\/strong><strong>healthy menus appropriately<\/strong> according to each key stage and season.<\/span><\/p>\n<p style=\"text-align: center;\"><span style=\"font-size: 24px; color: #000000; line-height: 32px; font-family: Open sans;\"><strong>The very youngest children are assisted<\/strong> by the teaching staff, helping them to enjoy a good and varied diet.<\/span><\/p>\n<p>[\/vc_column_text][\/vc_column][\/vc_row][vc_row fullwidth=&#8221;yes&#8221; css=&#8221;.vc_custom_1603289518305{padding-right: 80px !important;padding-left: 80px !important;}&#8221;][vc_column][vc_media_grid element_width=&#8221;3&#8243; gap=&#8221;10&#8243; item=&#8221;mediaGrid_ScaleWithRotation&#8221; grid_id=&#8221;vc_gid:1667342311204-5a013430-eb89-7&#8243; include=&#8221;1866,1871,1876,1881&#8243;][\/vc_column][\/vc_row][vc_row fullwidth=&#8221;yes&#8221; css=&#8221;.vc_custom_1642258301581{padding-top: 15% !important;padding-bottom: 15% !important;background-image: url(https:\/\/plantiointernational.com\/wp-content\/uploads\/2022\/01\/CHICOS-MAYORES-COMEDOR-EL-PLANTIO-1920.jpg?id=4354) !important;background-position: center !important;background-repeat: no-repeat !important;background-size: cover !important;}&#8221;][vc_column][\/vc_column][\/vc_row][vc_row css=&#8221;.vc_custom_1603289636538{padding-bottom: 20px !important;}&#8221;][vc_column][vc_column_text]<\/p>\n<p style=\"text-align: center;\"><span style=\"font-size: 24px; color: #000000; line-height: 32px; font-family: Open sans;\">Meal times form part of <strong>the child\u2019s education and students are taught correct<\/strong> table manners. <\/span><\/p>\n<p style=\"text-align: center;\"><span style=\"font-size: 24px; color: #000000; line-height: 32px; font-family: Open sans;\">The meal times are <strong>organised by key stage with a timetable<\/strong> that provides a break between morning and afternoon classes.<\/span><\/p>\n<p>[\/vc_column_text][\/vc_column][\/vc_row][vc_row fullwidth=&#8221;yes&#8221; css=&#8221;.vc_custom_1603289518305{padding-right: 80px !important;padding-left: 80px !important;}&#8221;][vc_column][vc_media_grid element_width=&#8221;3&#8243; gap=&#8221;10&#8243; item=&#8221;mediaGrid_ScaleWithRotation&#8221; grid_id=&#8221;vc_gid:1667342311210-b963e849-2108-9&#8243; include=&#8221;1896,1901,1906,1911,1921,1926,1931,1936&#8243;][\/vc_column][\/vc_row]<\/p>\n<\/div>","protected":false},"excerpt":{"rendered":"<p>[vc_row fullwidth=&#8221;yes&#8221; css=&#8221;.vc_custom_1642258155441{padding-top: 15% !important;padding-bottom: 15% !important;background-image: url(https:\/\/plantiointernational.com\/wp-content\/uploads\/2022\/01\/COMEDOR-EL-PLANTIO-1920.jpg?id=4350) !important;background-position: center !important;background-repeat: no-repeat !important;background-size: cover !important;}&#8221;][vc_column][\/vc_column][\/vc_row][vc_row][vc_column][vc_custom_heading text=&#8221;Dining room&#8221; font_container=&#8221;tag:h1|font_size:50|text_align:center|color:%232d4076&#8243; google_fonts=&#8221;font_family:Open%20Sans%3A300%2C300italic%2Cregular%2Citalic%2C600%2C600italic%2C700%2C700italic%2C800%2C800italic|font_style:600%20bold%20regular%3A600%3Anormal&#8221; css_animation=&#8221;none&#8221; css=&#8221;.vc_custom_1633861799678{padding-bottom: 40px !important;}&#8221;][vc_row_inner][vc_column_inner width=&#8221;1\/4&#8243;][\/vc_column_inner][vc_column_inner width=&#8221;1\/4&#8243;][vc_single_image image=&#8221;3069&#8243; img_size=&#8221;full&#8221; alignment=&#8221;center&#8221; onclick=&#8221;custom_link&#8221; img_link_target=&#8221;_blank&#8221; css_animation=&#8221;none&#8221; link=&#8221;https:\/\/plantiointernational.com\/en\/nutrition\/&#8221;][\/vc_column_inner][vc_column_inner width=&#8221;1\/4&#8243;][vc_single_image image=&#8221;4523&#8243; img_size=&#8221;full&#8221; alignment=&#8221;center&#8221; onclick=&#8221;custom_link&#8221; img_link_target=&#8221;_blank&#8221; css_animation=&#8221;none&#8221; link=&#8221;https:\/\/plantiointernational.com\/en\/nutrition\/&#8221;][\/vc_column_inner][vc_column_inner width=&#8221;1\/4&#8243;][\/vc_column_inner][\/vc_row_inner][\/vc_column][\/vc_row][vc_row fullwidth=&#8221;yes&#8221; css=&#8221;.vc_custom_1642258181579{padding-top: 15% !important;padding-bottom: 15% !important;background-image: url(https:\/\/plantiointernational.com\/wp-content\/uploads\/2022\/01\/CHIC0S-COMEDOR-EL-PLANTIO-1920.jpg?id=4352) !important;background-position: center !important;background-repeat: no-repeat !important;background-size: cover !important;}&#8221;][vc_column][\/vc_column][\/vc_row][vc_row [&hellip;]<\/p>\n","protected":false},"author":1,"featured_media":0,"parent":0,"menu_order":0,"comment_status":"closed","ping_status":"closed","template":"page-templates\/template-canvas.php","meta":{"_monsterinsights_skip_tracking":false,"_monsterinsights_sitenote_active":false,"_monsterinsights_sitenote_note":"","_monsterinsights_sitenote_category":0,"footnotes":""},"yoast_head":"<!-- This site is optimized with the Yoast SEO plugin v22.8 - https:\/\/yoast.com\/wordpress\/plugins\/seo\/ -->\n<title>Dining room - Colegio Brit\u00e1nico El Plant\u00edo International<\/title>\n<meta name=\"robots\" content=\"index, follow, max-snippet:-1, max-image-preview:large, max-video-preview:-1\" \/>\n<link rel=\"canonical\" href=\"https:\/\/plantiointernational.com\/en\/dining-room\/\" \/>\n<meta property=\"og:locale\" content=\"en_US\" \/>\n<meta property=\"og:type\" content=\"article\" \/>\n<meta property=\"og:title\" content=\"Dining room - Colegio Brit\u00e1nico El Plant\u00edo International\" \/>\n<meta property=\"og:description\" content=\"[vc_row fullwidth=&#8221;yes&#8221; css=&#8221;.vc_custom_1642258155441{padding-top: 15% !important;padding-bottom: 15% !important;background-image: url(https:\/\/plantiointernational.com\/wp-content\/uploads\/2022\/01\/COMEDOR-EL-PLANTIO-1920.jpg?id=4350) !important;background-position: center !important;background-repeat: no-repeat !important;background-size: cover !important;}&#8221;][vc_column][\/vc_column][\/vc_row][vc_row][vc_column][vc_custom_heading text=&#8221;Dining room&#8221; font_container=&#8221;tag:h1|font_size:50|text_align:center|color:%232d4076&#8243; google_fonts=&#8221;font_family:Open%20Sans%3A300%2C300italic%2Cregular%2Citalic%2C600%2C600italic%2C700%2C700italic%2C800%2C800italic|font_style:600%20bold%20regular%3A600%3Anormal&#8221; css_animation=&#8221;none&#8221; css=&#8221;.vc_custom_1633861799678{padding-bottom: 40px !important;}&#8221;][vc_row_inner][vc_column_inner width=&#8221;1\/4&#8243;][\/vc_column_inner][vc_column_inner width=&#8221;1\/4&#8243;][vc_single_image image=&#8221;3069&#8243; img_size=&#8221;full&#8221; alignment=&#8221;center&#8221; onclick=&#8221;custom_link&#8221; img_link_target=&#8221;_blank&#8221; css_animation=&#8221;none&#8221; link=&#8221;https:\/\/plantiointernational.com\/en\/nutrition\/&#8221;][\/vc_column_inner][vc_column_inner width=&#8221;1\/4&#8243;][vc_single_image image=&#8221;4523&#8243; img_size=&#8221;full&#8221; alignment=&#8221;center&#8221; onclick=&#8221;custom_link&#8221; img_link_target=&#8221;_blank&#8221; css_animation=&#8221;none&#8221; link=&#8221;https:\/\/plantiointernational.com\/en\/nutrition\/&#8221;][\/vc_column_inner][vc_column_inner width=&#8221;1\/4&#8243;][\/vc_column_inner][\/vc_row_inner][\/vc_column][\/vc_row][vc_row fullwidth=&#8221;yes&#8221; css=&#8221;.vc_custom_1642258181579{padding-top: 15% !important;padding-bottom: 15% !important;background-image: url(https:\/\/plantiointernational.com\/wp-content\/uploads\/2022\/01\/CHIC0S-COMEDOR-EL-PLANTIO-1920.jpg?id=4352) !important;background-position: center !important;background-repeat: no-repeat !important;background-size: cover !important;}&#8221;][vc_column][\/vc_column][\/vc_row][vc_row [&hellip;]\" \/>\n<meta property=\"og:url\" content=\"https:\/\/plantiointernational.com\/en\/dining-room\/\" \/>\n<meta property=\"og:site_name\" content=\"Colegio Brit\u00e1nico El Plant\u00edo International\" \/>\n<meta property=\"article:modified_time\" content=\"2022-11-01T22:38:43+00:00\" \/>\n<meta name=\"twitter:card\" content=\"summary_large_image\" \/>\n<meta name=\"twitter:label1\" content=\"Est. reading time\" \/>\n\t<meta name=\"twitter:data1\" content=\"1 minute\" \/>\n<script type=\"application\/ld+json\" class=\"yoast-schema-graph\">{\"@context\":\"https:\/\/schema.org\",\"@graph\":[{\"@type\":\"WebPage\",\"@id\":\"https:\/\/plantiointernational.com\/en\/dining-room\/\",\"url\":\"https:\/\/plantiointernational.com\/en\/dining-room\/\",\"name\":\"Dining room - Colegio Brit\u00e1nico El Plant\u00edo International\",\"isPartOf\":{\"@id\":\"https:\/\/plantiointernational.com\/en\/#website\"},\"datePublished\":\"2021-05-26T22:08:54+00:00\",\"dateModified\":\"2022-11-01T22:38:43+00:00\",\"breadcrumb\":{\"@id\":\"https:\/\/plantiointernational.com\/en\/dining-room\/#breadcrumb\"},\"inLanguage\":\"en-US\",\"potentialAction\":[{\"@type\":\"ReadAction\",\"target\":[\"https:\/\/plantiointernational.com\/en\/dining-room\/\"]}]},{\"@type\":\"BreadcrumbList\",\"@id\":\"https:\/\/plantiointernational.com\/en\/dining-room\/#breadcrumb\",\"itemListElement\":[{\"@type\":\"ListItem\",\"position\":1,\"name\":\"Portada\",\"item\":\"https:\/\/plantiointernational.com\/en\/\"},{\"@type\":\"ListItem\",\"position\":2,\"name\":\"Dining room\"}]},{\"@type\":\"WebSite\",\"@id\":\"https:\/\/plantiointernational.com\/en\/#website\",\"url\":\"https:\/\/plantiointernational.com\/en\/\",\"name\":\"Colegio Brit\u00e1nico El Plant\u00edo International\",\"description\":\"Colegio Brit\u00e1nico en Valencia\",\"potentialAction\":[{\"@type\":\"SearchAction\",\"target\":{\"@type\":\"EntryPoint\",\"urlTemplate\":\"https:\/\/plantiointernational.com\/en\/?s={search_term_string}\"},\"query-input\":\"required name=search_term_string\"}],\"inLanguage\":\"en-US\"}]}<\/script>\n<!-- \/ Yoast SEO plugin. -->","yoast_head_json":{"title":"Dining room - Colegio Brit\u00e1nico El Plant\u00edo International","robots":{"index":"index","follow":"follow","max-snippet":"max-snippet:-1","max-image-preview":"max-image-preview:large","max-video-preview":"max-video-preview:-1"},"canonical":"https:\/\/plantiointernational.com\/en\/dining-room\/","og_locale":"en_US","og_type":"article","og_title":"Dining room - Colegio Brit\u00e1nico El Plant\u00edo International","og_description":"[vc_row fullwidth=&#8221;yes&#8221; css=&#8221;.vc_custom_1642258155441{padding-top: 15% !important;padding-bottom: 15% !important;background-image: url(https:\/\/plantiointernational.com\/wp-content\/uploads\/2022\/01\/COMEDOR-EL-PLANTIO-1920.jpg?id=4350) !important;background-position: center !important;background-repeat: no-repeat !important;background-size: cover !important;}&#8221;][vc_column][\/vc_column][\/vc_row][vc_row][vc_column][vc_custom_heading text=&#8221;Dining room&#8221; font_container=&#8221;tag:h1|font_size:50|text_align:center|color:%232d4076&#8243; google_fonts=&#8221;font_family:Open%20Sans%3A300%2C300italic%2Cregular%2Citalic%2C600%2C600italic%2C700%2C700italic%2C800%2C800italic|font_style:600%20bold%20regular%3A600%3Anormal&#8221; css_animation=&#8221;none&#8221; css=&#8221;.vc_custom_1633861799678{padding-bottom: 40px !important;}&#8221;][vc_row_inner][vc_column_inner width=&#8221;1\/4&#8243;][\/vc_column_inner][vc_column_inner width=&#8221;1\/4&#8243;][vc_single_image image=&#8221;3069&#8243; img_size=&#8221;full&#8221; alignment=&#8221;center&#8221; onclick=&#8221;custom_link&#8221; img_link_target=&#8221;_blank&#8221; css_animation=&#8221;none&#8221; link=&#8221;https:\/\/plantiointernational.com\/en\/nutrition\/&#8221;][\/vc_column_inner][vc_column_inner width=&#8221;1\/4&#8243;][vc_single_image image=&#8221;4523&#8243; img_size=&#8221;full&#8221; alignment=&#8221;center&#8221; onclick=&#8221;custom_link&#8221; img_link_target=&#8221;_blank&#8221; css_animation=&#8221;none&#8221; link=&#8221;https:\/\/plantiointernational.com\/en\/nutrition\/&#8221;][\/vc_column_inner][vc_column_inner width=&#8221;1\/4&#8243;][\/vc_column_inner][\/vc_row_inner][\/vc_column][\/vc_row][vc_row fullwidth=&#8221;yes&#8221; css=&#8221;.vc_custom_1642258181579{padding-top: 15% !important;padding-bottom: 15% !important;background-image: url(https:\/\/plantiointernational.com\/wp-content\/uploads\/2022\/01\/CHIC0S-COMEDOR-EL-PLANTIO-1920.jpg?id=4352) !important;background-position: center !important;background-repeat: no-repeat !important;background-size: cover !important;}&#8221;][vc_column][\/vc_column][\/vc_row][vc_row [&hellip;]","og_url":"https:\/\/plantiointernational.com\/en\/dining-room\/","og_site_name":"Colegio Brit\u00e1nico El Plant\u00edo International","article_modified_time":"2022-11-01T22:38:43+00:00","twitter_card":"summary_large_image","twitter_misc":{"Est. reading time":"1 minute"},"schema":{"@context":"https:\/\/schema.org","@graph":[{"@type":"WebPage","@id":"https:\/\/plantiointernational.com\/en\/dining-room\/","url":"https:\/\/plantiointernational.com\/en\/dining-room\/","name":"Dining room - Colegio Brit\u00e1nico El Plant\u00edo International","isPartOf":{"@id":"https:\/\/plantiointernational.com\/en\/#website"},"datePublished":"2021-05-26T22:08:54+00:00","dateModified":"2022-11-01T22:38:43+00:00","breadcrumb":{"@id":"https:\/\/plantiointernational.com\/en\/dining-room\/#breadcrumb"},"inLanguage":"en-US","potentialAction":[{"@type":"ReadAction","target":["https:\/\/plantiointernational.com\/en\/dining-room\/"]}]},{"@type":"BreadcrumbList","@id":"https:\/\/plantiointernational.com\/en\/dining-room\/#breadcrumb","itemListElement":[{"@type":"ListItem","position":1,"name":"Portada","item":"https:\/\/plantiointernational.com\/en\/"},{"@type":"ListItem","position":2,"name":"Dining room"}]},{"@type":"WebSite","@id":"https:\/\/plantiointernational.com\/en\/#website","url":"https:\/\/plantiointernational.com\/en\/","name":"Colegio Brit\u00e1nico El Plant\u00edo International","description":"Colegio Brit\u00e1nico en Valencia","potentialAction":[{"@type":"SearchAction","target":{"@type":"EntryPoint","urlTemplate":"https:\/\/plantiointernational.com\/en\/?s={search_term_string}"},"query-input":"required name=search_term_string"}],"inLanguage":"en-US"}]}},"_links":{"self":[{"href":"https:\/\/plantiointernational.com\/en\/wp-json\/wp\/v2\/pages\/3231"}],"collection":[{"href":"https:\/\/plantiointernational.com\/en\/wp-json\/wp\/v2\/pages"}],"about":[{"href":"https:\/\/plantiointernational.com\/en\/wp-json\/wp\/v2\/types\/page"}],"author":[{"embeddable":true,"href":"https:\/\/plantiointernational.com\/en\/wp-json\/wp\/v2\/users\/1"}],"replies":[{"embeddable":true,"href":"https:\/\/plantiointernational.com\/en\/wp-json\/wp\/v2\/comments?post=3231"}],"version-history":[{"count":12,"href":"https:\/\/plantiointernational.com\/en\/wp-json\/wp\/v2\/pages\/3231\/revisions"}],"predecessor-version":[{"id":5161,"href":"https:\/\/plantiointernational.com\/en\/wp-json\/wp\/v2\/pages\/3231\/revisions\/5161"}],"wp:attachment":[{"href":"https:\/\/plantiointernational.com\/en\/wp-json\/wp\/v2\/media?parent=3231"}],"curies":[{"name":"wp","href":"https:\/\/api.w.org\/{rel}","templated":true}]}}