{"id":3214,"date":"2021-05-11T01:06:07","date_gmt":"2021-05-11T01:06:07","guid":{"rendered":"https:\/\/prueba.plantiointernational.com\/student-residence\/"},"modified":"2022-02-26T19:24:41","modified_gmt":"2022-02-26T19:24:41","slug":"student-residence","status":"publish","type":"page","link":"https:\/\/plantiointernational.com\/en\/student-residence\/","title":{"rendered":"Student residence"},"content":{"rendered":"<div class=\"wpb-content-wrapper\"><p>[vc_row css=&#8221;.vc_custom_1642260577879{padding-top: 15% !important;padding-bottom: 15% !important;background-image: url(https:\/\/plantiointernational.com\/wp-content\/uploads\/2022\/01\/ENTRADA-CHICOS-RESIDENCIA-COLEGIO-ELPLANTIO-1920.jpg?id=4375) !important;background-position: center !important;background-repeat: no-repeat !important;background-size: cover !important;}&#8221;][vc_column][\/vc_column][\/vc_row][vc_row][vc_column][vc_custom_heading text=&#8221;Student residence&#8221; font_container=&#8221;tag:h1|font_size:50|text_align:center|color:%232d4076&#8243; google_fonts=&#8221;font_family:Open%20Sans%3A300%2C300italic%2Cregular%2Citalic%2C600%2C600italic%2C700%2C700italic%2C800%2C800italic|font_style:600%20bold%20regular%3A600%3Anormal&#8221; css_animation=&#8221;none&#8221;][\/vc_column][\/vc_row][vc_row css=&#8221;.vc_custom_1642260704011{padding-top: 15% !important;padding-bottom: 16% !important;background-image: url(https:\/\/plantiointernational.com\/wp-content\/uploads\/2022\/01\/VISTA-RESIDENCIA-COLEGIO-ELPLANTIO-1920.jpg?id=4377) !important;background-position: center !important;background-repeat: no-repeat !important;background-size: cover !important;}&#8221;][vc_column][\/vc_column][\/vc_row][vc_row][vc_column][vc_column_text css=&#8221;.vc_custom_1603350669057{padding-bottom: 20px !important;}&#8221;]<\/p>\n<p style=\"text-align: center;\"><span style=\"font-size: 24px; color: #000000; line-height: 32px; font-family: Open sans;\">The school offers a boarding <strong>facility for students, the residence is a large, rural style chalet surrounded by a spacious garden.<\/strong> Here the student will <strong>find all they need to feel at home;<\/strong> TV lounge, kitchen and service area, laundry room, central heating, study and games rooms. The residence houses children of different ages and nationalities in an enriching environment where different cultures meet and share.<\/span><\/p>\n<p>[\/vc_column_text][\/vc_column][\/vc_row][vc_row css=&#8221;.vc_custom_1642260829822{padding-top: 15% !important;padding-bottom: 15% !important;background-image: url(https:\/\/plantiointernational.com\/wp-content\/uploads\/2022\/01\/JARDIN-2-RESIDENCIA-COLEGIO-ELPLANTIO-1920.jpg?id=4379) !important;background-position: center !important;background-repeat: no-repeat !important;background-size: cover !important;}&#8221;][vc_column][\/vc_column][\/vc_row][vc_row][vc_column][vc_column_text css=&#8221;.vc_custom_1645903412666{padding-bottom: 20px !important;}&#8221;]<\/p>\n<p style=\"text-align: center;\"><span style=\"font-size: 24px; color: #000000; line-height: 32px; font-family: Open sans;\"><strong>Only a short distance from the main school, <\/strong>the residence is a <strong>traditional building with modern facilities <\/strong>and home to students from across the world.<strong> It provides a secure and welcoming environment <\/strong>in which to study and relax.<\/span><\/p>\n<p>[\/vc_column_text][\/vc_column][\/vc_row][vc_row css=&#8221;.vc_custom_1642260961615{padding-top: 15% !important;padding-bottom: 15% !important;background-image: url(https:\/\/plantiointernational.com\/wp-content\/uploads\/2022\/01\/CHICOS-ESTUDIANDO-RESIDENCIA-COLEGIO-ELPLANTIO-1920.jpg?id=4381) !important;background-position: center !important;background-repeat: no-repeat !important;background-size: cover !important;}&#8221;][vc_column][\/vc_column][\/vc_row][vc_row][vc_column][vc_column_text css=&#8221;.vc_custom_1645903468273{padding-bottom: 20px !important;}&#8221;]<\/p>\n<p style=\"text-align: center;\"><span style=\"font-size: 24px; color: #000000; line-height: 32px; font-family: Open sans;\">The residence boasts <strong>shared bedrooms, each with its own en suite private bathroom<\/strong>. A place where students have access to <strong>ample spaces<\/strong> to work and study, relax and have fun.<br \/>\nWe aim to ensure that <strong>the physical and emotional<\/strong> well-being<br \/>\nof all boarders are catered for, providing a <strong>secure environment and a healthy diet<\/strong> in an atmosphere where they will feel valued and cared for.<\/span><\/p>\n<p>[\/vc_column_text][\/vc_column][\/vc_row][vc_row fullwidth=&#8221;yes&#8221; css=&#8221;.vc_custom_1603351672944{padding-right: 80px !important;padding-left: 80px !important;background-position: center !important;background-repeat: no-repeat !important;background-size: cover !important;}&#8221;][vc_column][vc_media_grid element_width=&#8221;3&#8243; gap=&#8221;10&#8243; item=&#8221;mediaGrid_ScaleWithRotation&#8221; grid_id=&#8221;vc_gid:1645903017692-a9b88512-45f6-6&#8243; include=&#8221;2533,2548,2538,2553,2568,2050,2040,2045&#8243;][\/vc_column][\/vc_row][vc_row content_placement=&#8221;middle&#8221; fullwidth=&#8221;yes&#8221; css=&#8221;.vc_custom_1645901996215{padding-top: 10% !important;padding-bottom: 10% !important;background-image: url(https:\/\/plantiointernational.com\/wp-content\/uploads\/2022\/02\/EQUIPO-ENTORNO-EL-PLANTIO.jpg?id=4614) !important;background-position: center !important;background-repeat: no-repeat !important;background-size: cover !important;}&#8221;][vc_column][vc_row_inner][vc_column_inner][vc_custom_heading text=&#8221;Tradition and modernity&#8221; font_container=&#8221;tag:h2|font_size:40|text_align:center|color:%23ffffff&#8221; google_fonts=&#8221;font_family:Open%20Sans%3A300%2C300italic%2Cregular%2Citalic%2C600%2C600italic%2C700%2C700italic%2C800%2C800italic|font_style:600%20bold%20regular%3A600%3Anormal&#8221;][\/vc_column_inner][\/vc_row_inner][\/vc_column][\/vc_row][vc_row][vc_column][vc_custom_heading text=&#8221;Valencia&#8221; font_container=&#8221;tag:h2|font_size:40|text_align:center|color:%23003980&#8243; google_fonts=&#8221;font_family:Open%20Sans%3A300%2C300italic%2Cregular%2Citalic%2C600%2C600italic%2C700%2C700italic%2C800%2C800italic|font_style:600%20bold%20regular%3A600%3Anormal&#8221;][vc_separator color=&#8221;custom&#8221; style=&#8221;dashed&#8221; border_width=&#8221;3&#8243; el_width=&#8221;50&#8243; accent_color=&#8221;#e6323b&#8221; css=&#8221;.vc_custom_1645902211828{padding-top: 30px !important;padding-bottom: 30px !important;}&#8221;][vc_column_text]<\/p>\n<p style=\"text-align: center;\"><span style=\"font-size: 24px; color: #000000; line-height: 32px; font-family: Open sans;\">VThe city of Valencia is <strong>only some 10 Km from the schoo<\/strong>l and offers a <strong>rich historical heritage along with cutting edge modernist architecture.<\/strong> With its many <strong>sandy beaches<\/strong>, <strong>sunny Mediterranean climate<\/strong>, <strong>excellent cuisine<\/strong>, <strong>fiestas and traditions<\/strong> along with is warm welcome make Valencia <strong>the perfect place to live, study and enjoy<\/strong>.<\/span><\/p>\n<p>[\/vc_column_text][vc_empty_space]\t\n\t\t<div id=\"project-img-carousel\" class=\"row zoom-gallery\">\n\t\t        <div class=\"col-md-4\">\n            <figure class=\"pic-hover\">\n                <a href=\"https:\/\/plantiointernational.com\/wp-content\/uploads\/2020\/10\/TORRES-SERRANOS-COLEGIO-EL-PLANTIO.jpg\">\n                    <span class=\"center-xy\">\n                    \t                        <i class=\"fa fa-search btn-action btn-action-hide\"><\/i>\n                    \t                    <\/span>\n                    <span class=\"bg-overlay\"><\/span>\n                    <img decoding=\"async\" src=\"https:\/\/plantiointernational.com\/wp-content\/uploads\/2020\/10\/TORRES-SERRANOS-COLEGIO-EL-PLANTIO.jpg\" class=\"img-responsive\" alt=\"\" loading=\"lazy\">\n                <\/a>\n            <\/figure>\n        <\/div>\n                <div class=\"col-md-4\">\n            <figure class=\"pic-hover\">\n                <a href=\"https:\/\/plantiointernational.com\/wp-content\/uploads\/2020\/10\/EDIFICIO-PUERTO-COLEGIO-EL-PLANTIO.jpg\">\n                    <span class=\"center-xy\">\n                    \t                        <i class=\"fa fa-search btn-action btn-action-hide\"><\/i>\n                    \t                    <\/span>\n                    <span class=\"bg-overlay\"><\/span>\n                    <img decoding=\"async\" src=\"https:\/\/plantiointernational.com\/wp-content\/uploads\/2020\/10\/EDIFICIO-PUERTO-COLEGIO-EL-PLANTIO.jpg\" class=\"img-responsive\" alt=\"\" loading=\"lazy\">\n                <\/a>\n            <\/figure>\n        <\/div>\n                <div class=\"col-md-4\">\n            <figure class=\"pic-hover\">\n                <a href=\"https:\/\/plantiointernational.com\/wp-content\/uploads\/2020\/10\/PLAZA-AYUNTAMIENTO-COLEGIO-EL-PLANTIO.jpg\">\n                    <span class=\"center-xy\">\n                    \t                        <i class=\"fa fa-search btn-action btn-action-hide\"><\/i>\n                    \t                    <\/span>\n                    <span class=\"bg-overlay\"><\/span>\n                    <img decoding=\"async\" src=\"https:\/\/plantiointernational.com\/wp-content\/uploads\/2020\/10\/PLAZA-AYUNTAMIENTO-COLEGIO-EL-PLANTIO.jpg\" class=\"img-responsive\" alt=\"\" loading=\"lazy\">\n                <\/a>\n            <\/figure>\n        <\/div>\n            <\/div>\n\n      \t\n[\/vc_column][\/vc_row]<\/p>\n<\/div>","protected":false},"excerpt":{"rendered":"<p>[vc_row css=&#8221;.vc_custom_1642260577879{padding-top: 15% !important;padding-bottom: 15% !important;background-image: url(https:\/\/plantiointernational.com\/wp-content\/uploads\/2022\/01\/ENTRADA-CHICOS-RESIDENCIA-COLEGIO-ELPLANTIO-1920.jpg?id=4375) !important;background-position: center !important;background-repeat: no-repeat !important;background-size: cover !important;}&#8221;][vc_column][\/vc_column][\/vc_row][vc_row][vc_column][vc_custom_heading text=&#8221;Student residence&#8221; font_container=&#8221;tag:h1|font_size:50|text_align:center|color:%232d4076&#8243; google_fonts=&#8221;font_family:Open%20Sans%3A300%2C300italic%2Cregular%2Citalic%2C600%2C600italic%2C700%2C700italic%2C800%2C800italic|font_style:600%20bold%20regular%3A600%3Anormal&#8221; css_animation=&#8221;none&#8221;][\/vc_column][\/vc_row][vc_row css=&#8221;.vc_custom_1642260704011{padding-top: 15% !important;padding-bottom: 16% !important;background-image: url(https:\/\/plantiointernational.com\/wp-content\/uploads\/2022\/01\/VISTA-RESIDENCIA-COLEGIO-ELPLANTIO-1920.jpg?id=4377) !important;background-position: center !important;background-repeat: no-repeat !important;background-size: cover !important;}&#8221;][vc_column][\/vc_column][\/vc_row][vc_row][vc_column][vc_column_text css=&#8221;.vc_custom_1603350669057{padding-bottom: 20px !important;}&#8221;] The school offers a boarding facility for students, the residence is a large, rural style chalet surrounded by a spacious [&hellip;]<\/p>\n","protected":false},"author":1,"featured_media":0,"parent":0,"menu_order":0,"comment_status":"closed","ping_status":"closed","template":"page-templates\/template-canvas.php","meta":{"_monsterinsights_skip_tracking":false,"_monsterinsights_sitenote_active":false,"_monsterinsights_sitenote_note":"","_monsterinsights_sitenote_category":0,"footnotes":""},"yoast_head":"<!-- This site is optimized with the Yoast SEO plugin v22.8 - https:\/\/yoast.com\/wordpress\/plugins\/seo\/ -->\n<title>Student residence - Colegio Brit\u00e1nico El Plant\u00edo International<\/title>\n<meta name=\"robots\" content=\"index, follow, max-snippet:-1, max-image-preview:large, max-video-preview:-1\" \/>\n<link rel=\"canonical\" href=\"https:\/\/plantiointernational.com\/en\/student-residence\/\" \/>\n<meta property=\"og:locale\" content=\"en_US\" \/>\n<meta property=\"og:type\" content=\"article\" \/>\n<meta property=\"og:title\" content=\"Student residence - Colegio Brit\u00e1nico El Plant\u00edo International\" \/>\n<meta property=\"og:description\" content=\"[vc_row css=&#8221;.vc_custom_1642260577879{padding-top: 15% !important;padding-bottom: 15% !important;background-image: url(https:\/\/plantiointernational.com\/wp-content\/uploads\/2022\/01\/ENTRADA-CHICOS-RESIDENCIA-COLEGIO-ELPLANTIO-1920.jpg?id=4375) !important;background-position: center !important;background-repeat: no-repeat !important;background-size: cover !important;}&#8221;][vc_column][\/vc_column][\/vc_row][vc_row][vc_column][vc_custom_heading text=&#8221;Student residence&#8221; font_container=&#8221;tag:h1|font_size:50|text_align:center|color:%232d4076&#8243; google_fonts=&#8221;font_family:Open%20Sans%3A300%2C300italic%2Cregular%2Citalic%2C600%2C600italic%2C700%2C700italic%2C800%2C800italic|font_style:600%20bold%20regular%3A600%3Anormal&#8221; css_animation=&#8221;none&#8221;][\/vc_column][\/vc_row][vc_row css=&#8221;.vc_custom_1642260704011{padding-top: 15% !important;padding-bottom: 16% !important;background-image: url(https:\/\/plantiointernational.com\/wp-content\/uploads\/2022\/01\/VISTA-RESIDENCIA-COLEGIO-ELPLANTIO-1920.jpg?id=4377) !important;background-position: center !important;background-repeat: no-repeat !important;background-size: cover !important;}&#8221;][vc_column][\/vc_column][\/vc_row][vc_row][vc_column][vc_column_text css=&#8221;.vc_custom_1603350669057{padding-bottom: 20px !important;}&#8221;] The school offers a boarding facility for students, the residence is a large, rural style chalet surrounded by a spacious [&hellip;]\" \/>\n<meta property=\"og:url\" content=\"https:\/\/plantiointernational.com\/en\/student-residence\/\" \/>\n<meta property=\"og:site_name\" content=\"Colegio Brit\u00e1nico El Plant\u00edo International\" \/>\n<meta property=\"article:modified_time\" content=\"2022-02-26T19:24:41+00:00\" \/>\n<meta name=\"twitter:card\" content=\"summary_large_image\" \/>\n<meta name=\"twitter:label1\" content=\"Est. reading time\" \/>\n\t<meta name=\"twitter:data1\" content=\"2 minutes\" \/>\n<script type=\"application\/ld+json\" class=\"yoast-schema-graph\">{\"@context\":\"https:\/\/schema.org\",\"@graph\":[{\"@type\":\"WebPage\",\"@id\":\"https:\/\/plantiointernational.com\/en\/student-residence\/\",\"url\":\"https:\/\/plantiointernational.com\/en\/student-residence\/\",\"name\":\"Student residence - Colegio Brit\u00e1nico El Plant\u00edo International\",\"isPartOf\":{\"@id\":\"https:\/\/plantiointernational.com\/en\/#website\"},\"datePublished\":\"2021-05-11T01:06:07+00:00\",\"dateModified\":\"2022-02-26T19:24:41+00:00\",\"breadcrumb\":{\"@id\":\"https:\/\/plantiointernational.com\/en\/student-residence\/#breadcrumb\"},\"inLanguage\":\"en-US\",\"potentialAction\":[{\"@type\":\"ReadAction\",\"target\":[\"https:\/\/plantiointernational.com\/en\/student-residence\/\"]}]},{\"@type\":\"BreadcrumbList\",\"@id\":\"https:\/\/plantiointernational.com\/en\/student-residence\/#breadcrumb\",\"itemListElement\":[{\"@type\":\"ListItem\",\"position\":1,\"name\":\"Portada\",\"item\":\"https:\/\/plantiointernational.com\/en\/\"},{\"@type\":\"ListItem\",\"position\":2,\"name\":\"Student residence\"}]},{\"@type\":\"WebSite\",\"@id\":\"https:\/\/plantiointernational.com\/en\/#website\",\"url\":\"https:\/\/plantiointernational.com\/en\/\",\"name\":\"Colegio Brit\u00e1nico El Plant\u00edo International\",\"description\":\"Colegio Brit\u00e1nico en Valencia\",\"potentialAction\":[{\"@type\":\"SearchAction\",\"target\":{\"@type\":\"EntryPoint\",\"urlTemplate\":\"https:\/\/plantiointernational.com\/en\/?s={search_term_string}\"},\"query-input\":\"required name=search_term_string\"}],\"inLanguage\":\"en-US\"}]}<\/script>\n<!-- \/ Yoast SEO plugin. -->","yoast_head_json":{"title":"Student residence - Colegio Brit\u00e1nico El Plant\u00edo International","robots":{"index":"index","follow":"follow","max-snippet":"max-snippet:-1","max-image-preview":"max-image-preview:large","max-video-preview":"max-video-preview:-1"},"canonical":"https:\/\/plantiointernational.com\/en\/student-residence\/","og_locale":"en_US","og_type":"article","og_title":"Student residence - Colegio Brit\u00e1nico El Plant\u00edo International","og_description":"[vc_row css=&#8221;.vc_custom_1642260577879{padding-top: 15% !important;padding-bottom: 15% !important;background-image: url(https:\/\/plantiointernational.com\/wp-content\/uploads\/2022\/01\/ENTRADA-CHICOS-RESIDENCIA-COLEGIO-ELPLANTIO-1920.jpg?id=4375) !important;background-position: center !important;background-repeat: no-repeat !important;background-size: cover !important;}&#8221;][vc_column][\/vc_column][\/vc_row][vc_row][vc_column][vc_custom_heading text=&#8221;Student residence&#8221; font_container=&#8221;tag:h1|font_size:50|text_align:center|color:%232d4076&#8243; google_fonts=&#8221;font_family:Open%20Sans%3A300%2C300italic%2Cregular%2Citalic%2C600%2C600italic%2C700%2C700italic%2C800%2C800italic|font_style:600%20bold%20regular%3A600%3Anormal&#8221; css_animation=&#8221;none&#8221;][\/vc_column][\/vc_row][vc_row css=&#8221;.vc_custom_1642260704011{padding-top: 15% !important;padding-bottom: 16% !important;background-image: url(https:\/\/plantiointernational.com\/wp-content\/uploads\/2022\/01\/VISTA-RESIDENCIA-COLEGIO-ELPLANTIO-1920.jpg?id=4377) !important;background-position: center !important;background-repeat: no-repeat !important;background-size: cover !important;}&#8221;][vc_column][\/vc_column][\/vc_row][vc_row][vc_column][vc_column_text css=&#8221;.vc_custom_1603350669057{padding-bottom: 20px !important;}&#8221;] The school offers a boarding facility for students, the residence is a large, rural style chalet surrounded by a spacious [&hellip;]","og_url":"https:\/\/plantiointernational.com\/en\/student-residence\/","og_site_name":"Colegio Brit\u00e1nico El Plant\u00edo International","article_modified_time":"2022-02-26T19:24:41+00:00","twitter_card":"summary_large_image","twitter_misc":{"Est. reading time":"2 minutes"},"schema":{"@context":"https:\/\/schema.org","@graph":[{"@type":"WebPage","@id":"https:\/\/plantiointernational.com\/en\/student-residence\/","url":"https:\/\/plantiointernational.com\/en\/student-residence\/","name":"Student residence - Colegio Brit\u00e1nico El Plant\u00edo International","isPartOf":{"@id":"https:\/\/plantiointernational.com\/en\/#website"},"datePublished":"2021-05-11T01:06:07+00:00","dateModified":"2022-02-26T19:24:41+00:00","breadcrumb":{"@id":"https:\/\/plantiointernational.com\/en\/student-residence\/#breadcrumb"},"inLanguage":"en-US","potentialAction":[{"@type":"ReadAction","target":["https:\/\/plantiointernational.com\/en\/student-residence\/"]}]},{"@type":"BreadcrumbList","@id":"https:\/\/plantiointernational.com\/en\/student-residence\/#breadcrumb","itemListElement":[{"@type":"ListItem","position":1,"name":"Portada","item":"https:\/\/plantiointernational.com\/en\/"},{"@type":"ListItem","position":2,"name":"Student residence"}]},{"@type":"WebSite","@id":"https:\/\/plantiointernational.com\/en\/#website","url":"https:\/\/plantiointernational.com\/en\/","name":"Colegio Brit\u00e1nico El Plant\u00edo International","description":"Colegio Brit\u00e1nico en Valencia","potentialAction":[{"@type":"SearchAction","target":{"@type":"EntryPoint","urlTemplate":"https:\/\/plantiointernational.com\/en\/?s={search_term_string}"},"query-input":"required name=search_term_string"}],"inLanguage":"en-US"}]}},"_links":{"self":[{"href":"https:\/\/plantiointernational.com\/en\/wp-json\/wp\/v2\/pages\/3214"}],"collection":[{"href":"https:\/\/plantiointernational.com\/en\/wp-json\/wp\/v2\/pages"}],"about":[{"href":"https:\/\/plantiointernational.com\/en\/wp-json\/wp\/v2\/types\/page"}],"author":[{"embeddable":true,"href":"https:\/\/plantiointernational.com\/en\/wp-json\/wp\/v2\/users\/1"}],"replies":[{"embeddable":true,"href":"https:\/\/plantiointernational.com\/en\/wp-json\/wp\/v2\/comments?post=3214"}],"version-history":[{"count":14,"href":"https:\/\/plantiointernational.com\/en\/wp-json\/wp\/v2\/pages\/3214\/revisions"}],"predecessor-version":[{"id":4620,"href":"https:\/\/plantiointernational.com\/en\/wp-json\/wp\/v2\/pages\/3214\/revisions\/4620"}],"wp:attachment":[{"href":"https:\/\/plantiointernational.com\/en\/wp-json\/wp\/v2\/media?parent=3214"}],"curies":[{"name":"wp","href":"https:\/\/api.w.org\/{rel}","templated":true}]}}