{"id":3194,"date":"2021-05-11T00:22:09","date_gmt":"2021-05-11T00:22:09","guid":{"rendered":"https:\/\/prueba.plantiointernational.com\/secondary-education\/"},"modified":"2022-01-15T01:18:57","modified_gmt":"2022-01-15T01:18:57","slug":"secondary-education","status":"publish","type":"page","link":"https:\/\/plantiointernational.com\/en\/secondary-education\/","title":{"rendered":"Secondary Education"},"content":{"rendered":"<div class=\"wpb-content-wrapper\"><p>[vc_row fullwidth=&#8221;yes&#8221; css=&#8221;.vc_custom_1642209236364{padding-top: 15% !important;padding-bottom: 15% !important;background-image: url(https:\/\/plantiointernational.com\/wp-content\/uploads\/2022\/01\/FACHADA-COLEGIO-EL-PLANTIO-1920.jpg?id=4301) !important;}&#8221;][vc_column][\/vc_column][\/vc_row][vc_row][vc_column][vc_single_image image=&#8221;1455&#8243; img_size=&#8221;&#8221; alignment=&#8221;center&#8221; css_animation=&#8221;none&#8221;][vc_custom_heading text=&#8221;Secondary Education<br \/>\n(Students from 11 to 16 years old)&#8221; font_container=&#8221;tag:h1|font_size:50|text_align:center|color:%232d4076&#8243; google_fonts=&#8221;font_family:Open%20Sans%3A300%2C300italic%2Cregular%2Citalic%2C600%2C600italic%2C700%2C700italic%2C800%2C800italic|font_style:600%20bold%20regular%3A600%3Anormal&#8221; css_animation=&#8221;none&#8221; css=&#8221;.vc_custom_1633859662961{padding-top: 30px !important;}&#8221;][\/vc_column][\/vc_row][vc_row fullwidth=&#8221;yes&#8221; css=&#8221;.vc_custom_1642209270428{padding-top: 15% !important;padding-bottom: 15% !important;background-image: url(https:\/\/plantiointernational.com\/wp-content\/uploads\/2022\/01\/CHICAS-grupo-secundaria-EL-PLANTIO-1920.jpg?id=4303) !important;}&#8221;][vc_column][\/vc_column][\/vc_row][vc_row][vc_column][vc_column_text]<\/p>\n<p style=\"text-align: center;\"><span style=\"font-size: 24px; color: #000000; line-height: 32px; font-family: Open sans;\">The child is immersed in an <strong>educational system that uses practical teaching methods<\/strong> on a daily basis so it is expected that the child is also capable of demonstrating what he or she has learned practically.<\/span><\/p>\n<p>[\/vc_column_text][\/vc_column][\/vc_row][vc_row fullwidth=&#8221;yes&#8221; css=&#8221;.vc_custom_1642209299993{padding-top: 15% !important;padding-bottom: 15% !important;background-image: url(https:\/\/plantiointernational.com\/wp-content\/uploads\/2022\/01\/CHICAS-BANCO-EL-PLANTIO-1920.jpg?id=4305) !important;}&#8221;][vc_column][\/vc_column][\/vc_row][vc_row css=&#8221;.vc_custom_1603207084673{padding-bottom: 20px !important;}&#8221;][vc_column][vc_column_text]<\/p>\n<p style=\"text-align: center;\"><span style=\"font-size: 24px; color: #000000; line-height: 32px; font-family: Open sans;\">Students can work individually, <strong>developing self-learning techniques,<\/strong> or in groups, <strong>strengthening tolerance of and respect<\/strong> for their classmates.<\/span><\/p>\n<p>[\/vc_column_text][\/vc_column][\/vc_row][vc_row fullwidth=&#8221;yes&#8221; css=&#8221;.vc_custom_1603207752314{padding-right: 80px !important;padding-bottom: 20px !important;padding-left: 80px !important;}&#8221;][vc_column][vc_media_grid element_width=&#8221;3&#8243; gap=&#8221;10&#8243; item=&#8221;mediaGrid_ScaleWithRotation&#8221; grid_id=&#8221;vc_gid:1642209410839-b3c9f8f7-c52e-10&#8243; include=&#8221;1513,1523,1752,4313&#8243;][\/vc_column][\/vc_row][vc_row][vc_column][vc_custom_heading text=&#8221;Art &amp; Design&#8221; font_container=&#8221;tag:h1|font_size:50|text_align:center|color:%232d4076&#8243; google_fonts=&#8221;font_family:Open%20Sans%3A300%2C300italic%2Cregular%2Citalic%2C600%2C600italic%2C700%2C700italic%2C800%2C800italic|font_style:600%20bold%20regular%3A600%3Anormal&#8221; css_animation=&#8221;fadeInLeftBig&#8221; css=&#8221;.vc_custom_1603207164058{padding-top: 30px !important;}&#8221;][\/vc_column][\/vc_row][vc_row fullwidth=&#8221;yes&#8221; css=&#8221;.vc_custom_1642209356918{padding-top: 15% !important;padding-bottom: 15% !important;background-image: url(https:\/\/plantiointernational.com\/wp-content\/uploads\/2022\/01\/CHICAS-ARTE-secundaria-EL-PLANTIO-1920.jpg?id=4307) !important;}&#8221;][vc_column][\/vc_column][\/vc_row][vc_row css=&#8221;.vc_custom_1603207084673{padding-bottom: 20px !important;}&#8221;][vc_column][vc_column_text]<\/p>\n<p style=\"text-align: center;\"><span style=\"font-size: 24px; color: #000000; line-height: 32px; font-family: Open sans;\">The creative <strong>arts form a key element of each child\u2019s education and development<\/strong> giving opportunities to express thoughts and ideas in imaginative and original forms.<\/span><\/p>\n<p>[\/vc_column_text][\/vc_column][\/vc_row][vc_row fullwidth=&#8221;yes&#8221; css=&#8221;.vc_custom_1606988465354{padding-right: 80px !important;padding-bottom: 80px !important;padding-left: 80px !important;}&#8221;][vc_column][vc_media_grid element_width=&#8221;3&#8243; gap=&#8221;10&#8243; item=&#8221;mediaGrid_ScaleWithRotation&#8221; grid_id=&#8221;vc_gid:1642209410857-6c52d337-064a-4&#8243; include=&#8221;1763,1768,1773,1778&#8243;][\/vc_column][\/vc_row][vc_row disable_element=&#8221;yes&#8221;][vc_column][vc_custom_heading text=&#8221;The school is authorised to offer studies in Speech &amp; Drama by Trinity College London&#8221; font_container=&#8221;tag:h1|font_size:50|text_align:center|color:%232d4076&#8243; google_fonts=&#8221;font_family:Open%20Sans%3A300%2C300italic%2Cregular%2Citalic%2C600%2C600italic%2C700%2C700italic%2C800%2C800italic|font_style:600%20bold%20regular%3A600%3Anormal&#8221; css_animation=&#8221;fadeInLeftBig&#8221; css=&#8221;.vc_custom_1603717422808{padding-top: 30px !important;}&#8221;][\/vc_column][\/vc_row][vc_row fullwidth=&#8221;yes&#8221; css=&#8221;.vc_custom_1642209392672{padding-top: 15% !important;padding-bottom: 15% !important;background-image: url(https:\/\/plantiointernational.com\/wp-content\/uploads\/2022\/01\/ESCANRIO-TEATRO-SECUNDARIA-1920.jpg?id=4309) !important;}&#8221;][vc_column][\/vc_column][\/vc_row]<\/p>\n<\/div>","protected":false},"excerpt":{"rendered":"<p>[vc_row fullwidth=&#8221;yes&#8221; css=&#8221;.vc_custom_1642209236364{padding-top: 15% !important;padding-bottom: 15% !important;background-image: url(https:\/\/plantiointernational.com\/wp-content\/uploads\/2022\/01\/FACHADA-COLEGIO-EL-PLANTIO-1920.jpg?id=4301) !important;}&#8221;][vc_column][\/vc_column][\/vc_row][vc_row][vc_column][vc_single_image image=&#8221;1455&#8243; img_size=&#8221;&#8221; alignment=&#8221;center&#8221; css_animation=&#8221;none&#8221;][vc_custom_heading text=&#8221;Secondary Education (Students from 11 to 16 years old)&#8221; font_container=&#8221;tag:h1|font_size:50|text_align:center|color:%232d4076&#8243; google_fonts=&#8221;font_family:Open%20Sans%3A300%2C300italic%2Cregular%2Citalic%2C600%2C600italic%2C700%2C700italic%2C800%2C800italic|font_style:600%20bold%20regular%3A600%3Anormal&#8221; css_animation=&#8221;none&#8221; css=&#8221;.vc_custom_1633859662961{padding-top: 30px !important;}&#8221;][\/vc_column][\/vc_row][vc_row fullwidth=&#8221;yes&#8221; css=&#8221;.vc_custom_1642209270428{padding-top: 15% !important;padding-bottom: 15% !important;background-image: url(https:\/\/plantiointernational.com\/wp-content\/uploads\/2022\/01\/CHICAS-grupo-secundaria-EL-PLANTIO-1920.jpg?id=4303) !important;}&#8221;][vc_column][\/vc_column][\/vc_row][vc_row][vc_column][vc_column_text] The child is immersed in an educational system that uses practical teaching methods on a daily basis so it [&hellip;]<\/p>\n","protected":false},"author":1,"featured_media":0,"parent":0,"menu_order":0,"comment_status":"closed","ping_status":"closed","template":"page-templates\/template-canvas.php","meta":{"_monsterinsights_skip_tracking":false,"_monsterinsights_sitenote_active":false,"_monsterinsights_sitenote_note":"","_monsterinsights_sitenote_category":0,"footnotes":""},"yoast_head":"<!-- This site is optimized with the Yoast SEO plugin v22.8 - https:\/\/yoast.com\/wordpress\/plugins\/seo\/ -->\n<title>Secondary Education - Colegio Brit\u00e1nico El Plant\u00edo International<\/title>\n<meta name=\"robots\" content=\"index, follow, max-snippet:-1, max-image-preview:large, max-video-preview:-1\" \/>\n<link rel=\"canonical\" href=\"https:\/\/plantiointernational.com\/en\/secondary-education\/\" \/>\n<meta property=\"og:locale\" content=\"en_US\" \/>\n<meta property=\"og:type\" content=\"article\" \/>\n<meta property=\"og:title\" content=\"Secondary Education - Colegio Brit\u00e1nico El Plant\u00edo International\" \/>\n<meta property=\"og:description\" content=\"[vc_row fullwidth=&#8221;yes&#8221; css=&#8221;.vc_custom_1642209236364{padding-top: 15% !important;padding-bottom: 15% !important;background-image: url(https:\/\/plantiointernational.com\/wp-content\/uploads\/2022\/01\/FACHADA-COLEGIO-EL-PLANTIO-1920.jpg?id=4301) !important;}&#8221;][vc_column][\/vc_column][\/vc_row][vc_row][vc_column][vc_single_image image=&#8221;1455&#8243; img_size=&#8221;&#8221; alignment=&#8221;center&#8221; css_animation=&#8221;none&#8221;][vc_custom_heading text=&#8221;Secondary Education (Students from 11 to 16 years old)&#8221; font_container=&#8221;tag:h1|font_size:50|text_align:center|color:%232d4076&#8243; google_fonts=&#8221;font_family:Open%20Sans%3A300%2C300italic%2Cregular%2Citalic%2C600%2C600italic%2C700%2C700italic%2C800%2C800italic|font_style:600%20bold%20regular%3A600%3Anormal&#8221; css_animation=&#8221;none&#8221; css=&#8221;.vc_custom_1633859662961{padding-top: 30px !important;}&#8221;][\/vc_column][\/vc_row][vc_row fullwidth=&#8221;yes&#8221; css=&#8221;.vc_custom_1642209270428{padding-top: 15% !important;padding-bottom: 15% !important;background-image: url(https:\/\/plantiointernational.com\/wp-content\/uploads\/2022\/01\/CHICAS-grupo-secundaria-EL-PLANTIO-1920.jpg?id=4303) !important;}&#8221;][vc_column][\/vc_column][\/vc_row][vc_row][vc_column][vc_column_text] The child is immersed in an educational system that uses practical teaching methods on a daily basis so it [&hellip;]\" \/>\n<meta property=\"og:url\" content=\"https:\/\/plantiointernational.com\/en\/secondary-education\/\" \/>\n<meta property=\"og:site_name\" content=\"Colegio Brit\u00e1nico El Plant\u00edo International\" \/>\n<meta property=\"article:modified_time\" content=\"2022-01-15T01:18:57+00:00\" \/>\n<meta name=\"twitter:card\" content=\"summary_large_image\" \/>\n<meta name=\"twitter:label1\" content=\"Est. reading time\" \/>\n\t<meta name=\"twitter:data1\" content=\"1 minute\" \/>\n<script type=\"application\/ld+json\" class=\"yoast-schema-graph\">{\"@context\":\"https:\/\/schema.org\",\"@graph\":[{\"@type\":\"WebPage\",\"@id\":\"https:\/\/plantiointernational.com\/en\/secondary-education\/\",\"url\":\"https:\/\/plantiointernational.com\/en\/secondary-education\/\",\"name\":\"Secondary Education - Colegio Brit\u00e1nico El Plant\u00edo International\",\"isPartOf\":{\"@id\":\"https:\/\/plantiointernational.com\/en\/#website\"},\"datePublished\":\"2021-05-11T00:22:09+00:00\",\"dateModified\":\"2022-01-15T01:18:57+00:00\",\"breadcrumb\":{\"@id\":\"https:\/\/plantiointernational.com\/en\/secondary-education\/#breadcrumb\"},\"inLanguage\":\"en-US\",\"potentialAction\":[{\"@type\":\"ReadAction\",\"target\":[\"https:\/\/plantiointernational.com\/en\/secondary-education\/\"]}]},{\"@type\":\"BreadcrumbList\",\"@id\":\"https:\/\/plantiointernational.com\/en\/secondary-education\/#breadcrumb\",\"itemListElement\":[{\"@type\":\"ListItem\",\"position\":1,\"name\":\"Portada\",\"item\":\"https:\/\/plantiointernational.com\/en\/\"},{\"@type\":\"ListItem\",\"position\":2,\"name\":\"Secondary Education\"}]},{\"@type\":\"WebSite\",\"@id\":\"https:\/\/plantiointernational.com\/en\/#website\",\"url\":\"https:\/\/plantiointernational.com\/en\/\",\"name\":\"Colegio Brit\u00e1nico El Plant\u00edo International\",\"description\":\"Colegio Brit\u00e1nico en Valencia\",\"potentialAction\":[{\"@type\":\"SearchAction\",\"target\":{\"@type\":\"EntryPoint\",\"urlTemplate\":\"https:\/\/plantiointernational.com\/en\/?s={search_term_string}\"},\"query-input\":\"required name=search_term_string\"}],\"inLanguage\":\"en-US\"}]}<\/script>\n<!-- \/ Yoast SEO plugin. -->","yoast_head_json":{"title":"Secondary Education - Colegio Brit\u00e1nico El Plant\u00edo International","robots":{"index":"index","follow":"follow","max-snippet":"max-snippet:-1","max-image-preview":"max-image-preview:large","max-video-preview":"max-video-preview:-1"},"canonical":"https:\/\/plantiointernational.com\/en\/secondary-education\/","og_locale":"en_US","og_type":"article","og_title":"Secondary Education - Colegio Brit\u00e1nico El Plant\u00edo International","og_description":"[vc_row fullwidth=&#8221;yes&#8221; css=&#8221;.vc_custom_1642209236364{padding-top: 15% !important;padding-bottom: 15% !important;background-image: url(https:\/\/plantiointernational.com\/wp-content\/uploads\/2022\/01\/FACHADA-COLEGIO-EL-PLANTIO-1920.jpg?id=4301) !important;}&#8221;][vc_column][\/vc_column][\/vc_row][vc_row][vc_column][vc_single_image image=&#8221;1455&#8243; img_size=&#8221;&#8221; alignment=&#8221;center&#8221; css_animation=&#8221;none&#8221;][vc_custom_heading text=&#8221;Secondary Education (Students from 11 to 16 years old)&#8221; font_container=&#8221;tag:h1|font_size:50|text_align:center|color:%232d4076&#8243; google_fonts=&#8221;font_family:Open%20Sans%3A300%2C300italic%2Cregular%2Citalic%2C600%2C600italic%2C700%2C700italic%2C800%2C800italic|font_style:600%20bold%20regular%3A600%3Anormal&#8221; css_animation=&#8221;none&#8221; css=&#8221;.vc_custom_1633859662961{padding-top: 30px !important;}&#8221;][\/vc_column][\/vc_row][vc_row fullwidth=&#8221;yes&#8221; css=&#8221;.vc_custom_1642209270428{padding-top: 15% !important;padding-bottom: 15% !important;background-image: url(https:\/\/plantiointernational.com\/wp-content\/uploads\/2022\/01\/CHICAS-grupo-secundaria-EL-PLANTIO-1920.jpg?id=4303) !important;}&#8221;][vc_column][\/vc_column][\/vc_row][vc_row][vc_column][vc_column_text] The child is immersed in an educational system that uses practical teaching methods on a daily basis so it [&hellip;]","og_url":"https:\/\/plantiointernational.com\/en\/secondary-education\/","og_site_name":"Colegio Brit\u00e1nico El Plant\u00edo International","article_modified_time":"2022-01-15T01:18:57+00:00","twitter_card":"summary_large_image","twitter_misc":{"Est. reading time":"1 minute"},"schema":{"@context":"https:\/\/schema.org","@graph":[{"@type":"WebPage","@id":"https:\/\/plantiointernational.com\/en\/secondary-education\/","url":"https:\/\/plantiointernational.com\/en\/secondary-education\/","name":"Secondary Education - Colegio Brit\u00e1nico El Plant\u00edo International","isPartOf":{"@id":"https:\/\/plantiointernational.com\/en\/#website"},"datePublished":"2021-05-11T00:22:09+00:00","dateModified":"2022-01-15T01:18:57+00:00","breadcrumb":{"@id":"https:\/\/plantiointernational.com\/en\/secondary-education\/#breadcrumb"},"inLanguage":"en-US","potentialAction":[{"@type":"ReadAction","target":["https:\/\/plantiointernational.com\/en\/secondary-education\/"]}]},{"@type":"BreadcrumbList","@id":"https:\/\/plantiointernational.com\/en\/secondary-education\/#breadcrumb","itemListElement":[{"@type":"ListItem","position":1,"name":"Portada","item":"https:\/\/plantiointernational.com\/en\/"},{"@type":"ListItem","position":2,"name":"Secondary Education"}]},{"@type":"WebSite","@id":"https:\/\/plantiointernational.com\/en\/#website","url":"https:\/\/plantiointernational.com\/en\/","name":"Colegio Brit\u00e1nico El Plant\u00edo International","description":"Colegio Brit\u00e1nico en Valencia","potentialAction":[{"@type":"SearchAction","target":{"@type":"EntryPoint","urlTemplate":"https:\/\/plantiointernational.com\/en\/?s={search_term_string}"},"query-input":"required name=search_term_string"}],"inLanguage":"en-US"}]}},"_links":{"self":[{"href":"https:\/\/plantiointernational.com\/en\/wp-json\/wp\/v2\/pages\/3194"}],"collection":[{"href":"https:\/\/plantiointernational.com\/en\/wp-json\/wp\/v2\/pages"}],"about":[{"href":"https:\/\/plantiointernational.com\/en\/wp-json\/wp\/v2\/types\/page"}],"author":[{"embeddable":true,"href":"https:\/\/plantiointernational.com\/en\/wp-json\/wp\/v2\/users\/1"}],"replies":[{"embeddable":true,"href":"https:\/\/plantiointernational.com\/en\/wp-json\/wp\/v2\/comments?post=3194"}],"version-history":[{"count":13,"href":"https:\/\/plantiointernational.com\/en\/wp-json\/wp\/v2\/pages\/3194\/revisions"}],"predecessor-version":[{"id":4316,"href":"https:\/\/plantiointernational.com\/en\/wp-json\/wp\/v2\/pages\/3194\/revisions\/4316"}],"wp:attachment":[{"href":"https:\/\/plantiointernational.com\/en\/wp-json\/wp\/v2\/media?parent=3194"}],"curies":[{"name":"wp","href":"https:\/\/api.w.org\/{rel}","templated":true}]}}